{"id":1083,"date":"2010-06-27T23:09:43","date_gmt":"2010-06-27T21:09:43","guid":{"rendered":"http:\/\/hallingdalflyklubb.no\/wordpress\/?page_id=1083"},"modified":"2025-09-25T18:03:13","modified_gmt":"2025-09-25T16:03:13","slug":"modellfly-2","status":"publish","type":"page","link":"https:\/\/hallingdalflyklubb.no\/wordpress\/klubben\/modellfly-2\/","title":{"rendered":"Modellfly"},"content":{"rendered":"\n<figure class=\"wp-block-image is-resized alignnone\"><a href=\"https:\/\/hallingdalflyklubb.no\/wordpress\/wp-content\/uploads\/2010\/08\/cimg0256-2.jpg\"><img loading=\"lazy\" decoding=\"async\" width=\"450\" height=\"134\" src=\"https:\/\/hallingdalflyklubb.no\/wordpress\/wp-content\/uploads\/2010\/08\/cimg0256-2.jpg\" alt=\"Skole flya til klubben\" class=\"wp-image-1191\" style=\"width:614px;height:auto\"\/><\/a><figcaption class=\"wp-element-caption\"><strong>Skole flya til klubben<\/strong><\/figcaption><\/figure>\n\n\n\n<figure class=\"wp-block-image size-large\"><img decoding=\"async\" src=\"https:\/\/webcam.digital.as\/gol\/klanten\/cam1\/IMG-Now.jpg\" alt=\"\"\/><\/figure>\n\n\n\n<p>Webkamera over modellflyplassen<\/p>\n\n\n\n<p class=\"wp-caption-dt\">Operativ leder Modellfly&nbsp;&nbsp;&nbsp;&nbsp;&nbsp;&nbsp;&nbsp;&nbsp;&nbsp;&nbsp;&nbsp;&nbsp;&nbsp;&nbsp;&nbsp;&nbsp;&nbsp;&nbsp;&nbsp;&nbsp;&nbsp; Operativ asistent modellfly<\/p>\n\n\n\n<p class=\"wp-caption-dt\">&nbsp;&nbsp;&nbsp;tlf: 90660858&nbsp;&nbsp;&nbsp;&nbsp;&nbsp;&nbsp;&nbsp;&nbsp;&nbsp;&nbsp;&nbsp;&nbsp;&nbsp;&nbsp;&nbsp;&nbsp;&nbsp;&nbsp;&nbsp;&nbsp;&nbsp;&nbsp;&nbsp;&nbsp;&nbsp;&nbsp;&nbsp;&nbsp;&nbsp;&nbsp;&nbsp;&nbsp;&nbsp;&nbsp;&nbsp;&nbsp;&nbsp;&nbsp;tlf: 90172362<\/p>\n\n\n\n<p>\u00a0 \u00a0Oddgeir Leikvold\u00a0 \u00a0 \u00a0 \u00a0 \u00a0 \u00a0 \u00a0 \u00a0                              Odd Roger Fremstad\u00a0<\/p>\n\n\n\n<figure class=\"wp-block-gallery has-nested-images columns-default is-cropped wp-block-gallery-1 is-layout-flex wp-block-gallery-is-layout-flex\">\n<figure class=\"wp-block-image size-large is-resized\"><a href=\"https:\/\/hallingdalflyklubb.no\/wordpress\/wp-content\/uploads\/2025\/09\/oddgeir4-150x150-1.jpg\"><img loading=\"lazy\" decoding=\"async\" width=\"150\" height=\"150\" data-id=\"6479\" src=\"https:\/\/hallingdalflyklubb.no\/wordpress\/wp-content\/uploads\/2025\/09\/oddgeir4-150x150-1.jpg\" alt=\"\" class=\"wp-image-6479\" style=\"width:169px;height:auto\"\/><\/a><\/figure>\n\n\n\n<figure class=\"wp-block-image size-large is-resized\"><a href=\"https:\/\/hallingdalflyklubb.no\/wordpress\/wp-content\/uploads\/2025\/09\/odd-roger-3.jpg\"><img loading=\"lazy\" decoding=\"async\" width=\"500\" height=\"362\" data-id=\"6482\" src=\"https:\/\/hallingdalflyklubb.no\/wordpress\/wp-content\/uploads\/2025\/09\/odd-roger-3.jpg\" alt=\"\" class=\"wp-image-6482\" style=\"width:134px;height:auto\" srcset=\"https:\/\/hallingdalflyklubb.no\/wordpress\/wp-content\/uploads\/2025\/09\/odd-roger-3.jpg 500w, https:\/\/hallingdalflyklubb.no\/wordpress\/wp-content\/uploads\/2025\/09\/odd-roger-3-450x326.jpg 450w, https:\/\/hallingdalflyklubb.no\/wordpress\/wp-content\/uploads\/2025\/09\/odd-roger-3-414x300.jpg 414w\" sizes=\"auto, (max-width: 500px) 100vw, 500px\" \/><\/a><\/figure>\n<\/figure>\n\n\n\n<p>e post <a href=\"mailto:oddgeir@leikvold.no\">oddgeir@leikvold.no<\/a> &nbsp;&nbsp;&nbsp;&nbsp;&nbsp;&nbsp;&nbsp;&nbsp;&nbsp;&nbsp;&nbsp;&nbsp;&nbsp;&nbsp;&nbsp;&nbsp;&nbsp;&nbsp;e post <a href=\"mailto:rogfrem@hotmail.no\">rogfrem@hotmail.no<\/a><\/p>\n\n\n\n<p>&nbsp;<\/p>\n\n\n\n<figure class=\"wp-block-image size-large\"><a href=\"https:\/\/hallingdalflyklubb.no\/wordpress\/wp-content\/uploads\/2025\/05\/Modellfly-stripa-1.jpg\"><img loading=\"lazy\" decoding=\"async\" width=\"1024\" height=\"368\" src=\"https:\/\/hallingdalflyklubb.no\/wordpress\/wp-content\/uploads\/2025\/05\/Modellfly-stripa-1-1024x368.jpg\" alt=\"\" class=\"wp-image-6429\" srcset=\"https:\/\/hallingdalflyklubb.no\/wordpress\/wp-content\/uploads\/2025\/05\/Modellfly-stripa-1-1024x368.jpg 1024w, https:\/\/hallingdalflyklubb.no\/wordpress\/wp-content\/uploads\/2025\/05\/Modellfly-stripa-1-450x162.jpg 450w, https:\/\/hallingdalflyklubb.no\/wordpress\/wp-content\/uploads\/2025\/05\/Modellfly-stripa-1-768x276.jpg 768w, https:\/\/hallingdalflyklubb.no\/wordpress\/wp-content\/uploads\/2025\/05\/Modellfly-stripa-1-1536x552.jpg 1536w, https:\/\/hallingdalflyklubb.no\/wordpress\/wp-content\/uploads\/2025\/05\/Modellfly-stripa-1-2048x736.jpg 2048w, https:\/\/hallingdalflyklubb.no\/wordpress\/wp-content\/uploads\/2025\/05\/Modellfly-stripa-1-500x180.jpg 500w\" sizes=\"auto, (max-width: 1024px) 100vw, 1024px\" \/><\/a><\/figure>\n\n\n\n<figure class=\"wp-block-image size-large\"><a href=\"https:\/\/hallingdalflyklubb.no\/wordpress\/wp-content\/uploads\/2025\/06\/Modellfly-stripa-2.jpg\"><img loading=\"lazy\" decoding=\"async\" width=\"1024\" height=\"412\" src=\"https:\/\/hallingdalflyklubb.no\/wordpress\/wp-content\/uploads\/2025\/06\/Modellfly-stripa-2-1024x412.jpg\" alt=\"\" class=\"wp-image-6434\" srcset=\"https:\/\/hallingdalflyklubb.no\/wordpress\/wp-content\/uploads\/2025\/06\/Modellfly-stripa-2-1024x412.jpg 1024w, https:\/\/hallingdalflyklubb.no\/wordpress\/wp-content\/uploads\/2025\/06\/Modellfly-stripa-2-450x181.jpg 450w, https:\/\/hallingdalflyklubb.no\/wordpress\/wp-content\/uploads\/2025\/06\/Modellfly-stripa-2-768x309.jpg 768w, https:\/\/hallingdalflyklubb.no\/wordpress\/wp-content\/uploads\/2025\/06\/Modellfly-stripa-2-1536x618.jpg 1536w, https:\/\/hallingdalflyklubb.no\/wordpress\/wp-content\/uploads\/2025\/06\/Modellfly-stripa-2-2048x824.jpg 2048w, https:\/\/hallingdalflyklubb.no\/wordpress\/wp-content\/uploads\/2025\/06\/Modellfly-stripa-2-500x201.jpg 500w\" sizes=\"auto, (max-width: 1024px) 100vw, 1024px\" \/><\/a><\/figure>\n\n\n\n<p class=\"wp-caption-dd\">Modellfly stripa har kunstgress og er p\u00e5    x    meter<\/p>\n\n\n\n<p class=\"wp-caption-dd\"><\/p>\n\n\n\n<figure class=\"wp-block-image size-large\"><a href=\"https:\/\/hallingdalflyklubb.no\/wordpress\/wp-content\/uploads\/2025\/09\/modell.1-1.jpg\"><img loading=\"lazy\" decoding=\"async\" width=\"1024\" height=\"768\" src=\"https:\/\/hallingdalflyklubb.no\/wordpress\/wp-content\/uploads\/2025\/09\/modell.1-1-1024x768.jpg\" alt=\"\" class=\"wp-image-6487\" srcset=\"https:\/\/hallingdalflyklubb.no\/wordpress\/wp-content\/uploads\/2025\/09\/modell.1-1-1024x768.jpg 1024w, https:\/\/hallingdalflyklubb.no\/wordpress\/wp-content\/uploads\/2025\/09\/modell.1-1-450x338.jpg 450w, https:\/\/hallingdalflyklubb.no\/wordpress\/wp-content\/uploads\/2025\/09\/modell.1-1-768x576.jpg 768w, https:\/\/hallingdalflyklubb.no\/wordpress\/wp-content\/uploads\/2025\/09\/modell.1-1-1536x1152.jpg 1536w, https:\/\/hallingdalflyklubb.no\/wordpress\/wp-content\/uploads\/2025\/09\/modell.1-1-400x300.jpg 400w, https:\/\/hallingdalflyklubb.no\/wordpress\/wp-content\/uploads\/2025\/09\/modell.1-1.jpg 2048w\" sizes=\"auto, (max-width: 1024px) 100vw, 1024px\" \/><\/a><\/figure>\n\n\n\n<h3 class=\"wp-block-heading\"><\/h3>\n\n\n\n<figure class=\"wp-block-image size-large\"><a href=\"https:\/\/hallingdalflyklubb.no\/wordpress\/wp-content\/uploads\/2025\/09\/modell.2.jpg\"><img loading=\"lazy\" decoding=\"async\" width=\"1024\" height=\"768\" src=\"https:\/\/hallingdalflyklubb.no\/wordpress\/wp-content\/uploads\/2025\/09\/modell.2-1024x768.jpg\" alt=\"\" class=\"wp-image-6488\" srcset=\"https:\/\/hallingdalflyklubb.no\/wordpress\/wp-content\/uploads\/2025\/09\/modell.2-1024x768.jpg 1024w, https:\/\/hallingdalflyklubb.no\/wordpress\/wp-content\/uploads\/2025\/09\/modell.2-450x338.jpg 450w, https:\/\/hallingdalflyklubb.no\/wordpress\/wp-content\/uploads\/2025\/09\/modell.2-768x576.jpg 768w, https:\/\/hallingdalflyklubb.no\/wordpress\/wp-content\/uploads\/2025\/09\/modell.2-1536x1152.jpg 1536w, https:\/\/hallingdalflyklubb.no\/wordpress\/wp-content\/uploads\/2025\/09\/modell.2-400x300.jpg 400w, https:\/\/hallingdalflyklubb.no\/wordpress\/wp-content\/uploads\/2025\/09\/modell.2.jpg 2048w\" sizes=\"auto, (max-width: 1024px) 100vw, 1024px\" \/><\/a><\/figure>\n\n\n\n<figure class=\"wp-block-image size-large\"><a href=\"https:\/\/hallingdalflyklubb.no\/wordpress\/wp-content\/uploads\/2025\/09\/modell.4.jpg\"><img loading=\"lazy\" decoding=\"async\" width=\"1024\" height=\"768\" src=\"https:\/\/hallingdalflyklubb.no\/wordpress\/wp-content\/uploads\/2025\/09\/modell.4-1024x768.jpg\" alt=\"\" class=\"wp-image-6489\" srcset=\"https:\/\/hallingdalflyklubb.no\/wordpress\/wp-content\/uploads\/2025\/09\/modell.4-1024x768.jpg 1024w, https:\/\/hallingdalflyklubb.no\/wordpress\/wp-content\/uploads\/2025\/09\/modell.4-450x338.jpg 450w, https:\/\/hallingdalflyklubb.no\/wordpress\/wp-content\/uploads\/2025\/09\/modell.4-768x576.jpg 768w, https:\/\/hallingdalflyklubb.no\/wordpress\/wp-content\/uploads\/2025\/09\/modell.4-1536x1152.jpg 1536w, https:\/\/hallingdalflyklubb.no\/wordpress\/wp-content\/uploads\/2025\/09\/modell.4-400x300.jpg 400w, https:\/\/hallingdalflyklubb.no\/wordpress\/wp-content\/uploads\/2025\/09\/modell.4.jpg 2048w\" sizes=\"auto, (max-width: 1024px) 100vw, 1024px\" \/><\/a><\/figure>\n\n\n\n<p>XXXXXXXXXXXXXXXXXXXXXXXXXXXXXXXXXXXXXXXXXXXXXXXXXXXXXXXXXXXX<\/p>\n\n\n\n<p>XXXXXXXXXXXXXXXXXXXXXXXXXXXXXXXXXXXXXXXXXXXXXXXXXXXXXXXXXXXX<\/p>\n\n\n\n<figure class=\"wp-block-image\"><a href=\"https:\/\/hallingdalflyklubb.no\/wordpress\/wp-content\/uploads\/2018\/06\/vikojordet-18.jpg\"><img loading=\"lazy\" decoding=\"async\" width=\"400\" height=\"300\" src=\"https:\/\/hallingdalflyklubb.no\/wordpress\/wp-content\/uploads\/2018\/06\/vikojordet-18.jpg\" alt=\"\" class=\"wp-image-3860\"\/><\/a><\/figure>\n\n\n\n<figure class=\"wp-block-image\"><a href=\"https:\/\/hallingdalflyklubb.no\/wordpress\/wp-content\/uploads\/2017\/06\/Goldagan-2017.jpg\"><img loading=\"lazy\" decoding=\"async\" width=\"450\" height=\"338\" src=\"https:\/\/hallingdalflyklubb.no\/wordpress\/wp-content\/uploads\/2017\/06\/Goldagan-2017-450x338.jpg\" alt=\"\" class=\"wp-image-3535\" srcset=\"https:\/\/hallingdalflyklubb.no\/wordpress\/wp-content\/uploads\/2017\/06\/Goldagan-2017-450x338.jpg 450w, https:\/\/hallingdalflyklubb.no\/wordpress\/wp-content\/uploads\/2017\/06\/Goldagan-2017.jpg 640w\" sizes=\"auto, (max-width: 450px) 100vw, 450px\" \/><\/a><\/figure>\n\n\n\n<figure class=\"wp-block-image\"><a href=\"https:\/\/hallingdalflyklubb.no\/wordpress\/wp-content\/uploads\/2010\/06\/goldagan-2016.jpg\"><img loading=\"lazy\" decoding=\"async\" width=\"450\" height=\"302\" src=\"https:\/\/hallingdalflyklubb.no\/wordpress\/wp-content\/uploads\/2010\/06\/goldagan-2016-450x302.jpg\" alt=\"goldagan-2016\" class=\"wp-image-3370\"\/><\/a><\/figure>\n\n\n\n<p class=\"wp-caption-dd\"><\/p>\n\n\n\n<p class=\"wp-caption-dd\">xxxxxxxxxxxxxxxxxxxxxxxxxxxxxxxxxxxxxxxxxxxxxxxxxxxxxxxxxxxxxxxxxxxxxxxxxxxxxxxxx<\/p>\n\n\n\n<figure class=\"wp-block-image\"><a href=\"https:\/\/hallingdalflyklubb.no\/wordpress\/wp-content\/uploads\/2014\/06\/goldagaden-2014.jpg\"><img loading=\"lazy\" decoding=\"async\" width=\"450\" height=\"337\" src=\"https:\/\/hallingdalflyklubb.no\/wordpress\/wp-content\/uploads\/2014\/06\/goldagaden-2014-450x337.jpg\" alt=\"goldagaden-2014\" class=\"wp-image-2841\" srcset=\"https:\/\/hallingdalflyklubb.no\/wordpress\/wp-content\/uploads\/2014\/06\/goldagaden-2014-450x337.jpg 450w, https:\/\/hallingdalflyklubb.no\/wordpress\/wp-content\/uploads\/2014\/06\/goldagaden-2014.jpg 750w\" sizes=\"auto, (max-width: 450px) 100vw, 450px\" \/><\/a><\/figure>\n\n\n\n<p class=\"wp-caption-dd\"><\/p>\n\n\n\n<p class=\"wp-caption-dd\">xxxxxxxxxxxxxxxxxxxxxxxxxxxxxxxxxxxxxxxxxxxxxxxxxxxxxxxxxxxxxxxxxxxxxxxxxxxxxxxxx<\/p>\n\n\n\n<figure class=\"wp-block-image\"><a href=\"https:\/\/hallingdalflyklubb.no\/wordpress\/wp-content\/uploads\/2010\/06\/goldagaden-2013.jpg\"><img loading=\"lazy\" decoding=\"async\" width=\"450\" height=\"337\" src=\"https:\/\/hallingdalflyklubb.no\/wordpress\/wp-content\/uploads\/2010\/06\/goldagaden-2013-450x337.jpg\" alt=\"goldagaden-2013\" class=\"wp-image-2532\" srcset=\"https:\/\/hallingdalflyklubb.no\/wordpress\/wp-content\/uploads\/2010\/06\/goldagaden-2013-450x337.jpg 450w, https:\/\/hallingdalflyklubb.no\/wordpress\/wp-content\/uploads\/2010\/06\/goldagaden-2013.jpg 750w\" sizes=\"auto, (max-width: 450px) 100vw, 450px\" \/><\/a><\/figure>\n\n\n\n<p class=\"wp-caption-dd\"><\/p>\n\n\n\n<p class=\"wp-caption-dd\">XXXXXXXXXXXXXXXXXXXXXXXXXXXXXXXXXXXXXXXXXXXXXXXXXXXXXXXXX<\/p>\n\n\n\n<p class=\"wp-caption-dd\"><a title=\"Permanent Link to Modellflytreff p\u00e5 Klanten L\u00f8rdag den 28-09-2013\" href=\"https:\/\/hallingdalflyklubb.no\/wordpress\/2013\/09\/10\/modellflytreff-pa-klanten-lordag-den-28-09-2013\/\" rel=\"bookmark\">Modellflytreff p\u00e5 Klanten L\u00f8rdag den 28-09-2013<\/a><\/p>\n\n\n\n<figure class=\"wp-block-image\"><img decoding=\"async\" src=\"https:\/\/hallingdalflyklubb.no\/wordpress\/wp-content\/uploads\/2010\/06\/dsc_0160-web.jpg\" alt=\"\"\/><\/figure>\n\n\n\n<p class=\"wp-caption-dd\"><\/p>\n\n\n\n<p class=\"wp-caption-dd\">xxxxxxxxxxxxxxxxxxxxxxxxxxxxxxxxxxxxxxxxxxxxxxxxxxxxxxxxxxxxxxxxxxxxxxxxxxxxxxxx<\/p>\n\n\n\n<p class=\"wp-caption-dd\">Modellfly p\u00e5 Vikojordet under Goldagaden<\/p>\n\n\n\n<figure class=\"wp-block-image\"><a href=\"https:\/\/hallingdalflyklubb.no\/wordpress\/wp-content\/uploads\/2010\/06\/goldagan-12.jpg\"><img loading=\"lazy\" decoding=\"async\" width=\"450\" height=\"301\" src=\"https:\/\/hallingdalflyklubb.no\/wordpress\/wp-content\/uploads\/2010\/06\/goldagan-12-450x301.jpg\" alt=\"\" class=\"wp-image-1980\" title=\"goldagan-12\" srcset=\"https:\/\/hallingdalflyklubb.no\/wordpress\/wp-content\/uploads\/2010\/06\/goldagan-12-450x301.jpg 450w, https:\/\/hallingdalflyklubb.no\/wordpress\/wp-content\/uploads\/2010\/06\/goldagan-12.jpg 800w\" sizes=\"auto, (max-width: 450px) 100vw, 450px\" \/><\/a><\/figure>\n\n\n\n<p class=\"wp-caption-dd\"><\/p>\n\n\n\n<p class=\"wp-caption-dd\">XXXXXXXXXXXXXXXXXXXXXXXXXXXXXXXXXXXXXXXXXXXXXXXXXXXXXXXXX<\/p>\n\n\n\n<p class=\"wp-caption-dd\"><strong>Modellflytreff p\u00e5 Klanten 19-20 mai<\/strong><\/p>\n\n\n\n<p class=\"wp-caption-dd\">XXXXXXXXXXXXXXXXXXXXXXXXXXXXXXXXXXXXXXXXXXXXXXXXXXXXXXXXX<\/p>\n\n\n\n<p class=\"wp-caption-dd\">Modellflyging er igang p\u00e5 \u00e5rets fjelleir som i \u00e5r avholdes p\u00e5 Klanten<\/p>\n\n\n\n<figure class=\"wp-block-image\"><a href=\"https:\/\/hallingdalflyklubb.no\/wordpress\/wp-content\/uploads\/2012\/04\/klantenimage-modell.jpg\"><img loading=\"lazy\" decoding=\"async\" width=\"450\" height=\"337\" src=\"https:\/\/hallingdalflyklubb.no\/wordpress\/wp-content\/uploads\/2012\/04\/klantenimage-modell-450x337.jpg\" alt=\"\" class=\"wp-image-1895\" title=\"klantenimage-modell\" srcset=\"https:\/\/hallingdalflyklubb.no\/wordpress\/wp-content\/uploads\/2012\/04\/klantenimage-modell-450x337.jpg 450w, https:\/\/hallingdalflyklubb.no\/wordpress\/wp-content\/uploads\/2012\/04\/klantenimage-modell.jpg 800w\" sizes=\"auto, (max-width: 450px) 100vw, 450px\" \/><\/a><\/figure>\n\n\n\n<p class=\"wp-caption-dd\"><\/p>\n\n\n\n<figure class=\"wp-block-image\"><a href=\"https:\/\/hallingdalflyklubb.no\/wordpress\/wp-content\/uploads\/2011\/06\/goldagan-2011.jpg\"><img loading=\"lazy\" decoding=\"async\" width=\"800\" height=\"536\" src=\"https:\/\/hallingdalflyklubb.no\/wordpress\/wp-content\/uploads\/2011\/06\/goldagan-2011.jpg\" alt=\"\" class=\"wp-image-1596\" title=\"goldagan-2011\" srcset=\"https:\/\/hallingdalflyklubb.no\/wordpress\/wp-content\/uploads\/2011\/06\/goldagan-2011.jpg 800w, https:\/\/hallingdalflyklubb.no\/wordpress\/wp-content\/uploads\/2011\/06\/goldagan-2011-450x301.jpg 450w\" sizes=\"auto, (max-width: 800px) 100vw, 800px\" \/><\/a><\/figure>\n\n\n\n<p class=\"wp-caption-dd\"><\/p>\n\n\n\n<p class=\"wp-caption-dd\">XXXXXXXXXXXXXXXXXXXXXXXXXXXXXXXXXXXXXXXXXXXXXXXXXXXXXXXX<\/p>\n\n\n\n<h2 class=\"wp-block-heading\"><a title=\"Permanent Link to Modellflytreff p\u00e5 Klanten l\u00f8rdag den 9-10-2010 fra kl 11.00\" href=\"https:\/\/hallingdalflyklubb.no\/wordpress\/2010\/10\/04\/modellflytreff-paa-klanten-loerdag-den-9-10-2010-fra-kl-1100\/\" rel=\"bookmark\">Modellflytreff p\u00e5 Klanten l\u00f8rdag den 9-10-2010 fra kl 11.00<\/a><\/h2>\n\n\n\n<p class=\"wp-caption-dd\"><small><span style=\"color: #777777; font-size: x-small;\">04.10.2010 by weeg<\/span><\/small><\/p>\n\n\n\n<div class=\"entry\">\n<p>Er du interesert i modellfly s\u00e5 m\u00f8t opp&nbsp;for en pr\u00f8vetur med et av klubbens skolefly med dobbel komando<\/p>\n<p>Kontakr Oddgeir eller Kjell Arne for en pr\u00f8vetur<\/p>\n<\/div>\n\n\n\n<p class=\"wp-caption-dd\">XXXXXXXXXXXXXXXXXXXXXXXXXXXXXXXXXXXXXXXXXXXXXXXXXXXXXXXXX<\/p>\n\n\n\n<p class=\"wp-caption-dd\">Hvem vant denne duellen tro, i formasjon med en p\u00e5 ryggen g\u00e5r ikke helt som planlagt hele tiden.<\/p>\n\n\n\n<figure class=\"wp-block-image\"><a href=\"https:\/\/hallingdalflyklubb.no\/wordpress\/wp-content\/uploads\/2010\/09\/cimg0298-2.jpg\"><img loading=\"lazy\" decoding=\"async\" width=\"750\" height=\"563\" src=\"https:\/\/hallingdalflyklubb.no\/wordpress\/wp-content\/uploads\/2010\/09\/cimg0298-2.jpg\" alt=\"\" class=\"wp-image-1256\" title=\"cimg0298-2\" srcset=\"https:\/\/hallingdalflyklubb.no\/wordpress\/wp-content\/uploads\/2010\/09\/cimg0298-2.jpg 750w, https:\/\/hallingdalflyklubb.no\/wordpress\/wp-content\/uploads\/2010\/09\/cimg0298-2-450x337.jpg 450w\" sizes=\"auto, (max-width: 750px) 100vw, 750px\" \/><\/a><\/figure>\n\n\n\n<p class=\"wp-caption-dd\"><\/p>\n\n\n\n<p class=\"wp-caption-dd\">Bilde fra en fin onsdag kveld med masse flyging i det fine sommerv\u00e6ret<\/p>\n\n\n\n<figure class=\"wp-block-image\"><a href=\"https:\/\/hallingdalflyklubb.no\/wordpress\/wp-content\/uploads\/2010\/08\/cimg0250-2.jpg\"><img loading=\"lazy\" decoding=\"async\" width=\"450\" height=\"236\" src=\"https:\/\/hallingdalflyklubb.no\/wordpress\/wp-content\/uploads\/2010\/08\/cimg0250-2.jpg\" alt=\"\" class=\"wp-image-1193\" title=\"cimg0250-2\"\/><\/a><\/figure>\n\n\n\n<p class=\"wp-caption-dd\"><\/p>\n\n\n\n<p class=\"wp-caption-dd\">GOLDAGAN 2010<\/p>\n\n\n\n<figure class=\"wp-block-image\"><a href=\"https:\/\/hallingdalflyklubb.no\/wordpress\/wp-content\/uploads\/2010\/07\/cimg0234-2.jpg\"><img loading=\"lazy\" decoding=\"async\" width=\"450\" height=\"337\" src=\"https:\/\/hallingdalflyklubb.no\/wordpress\/wp-content\/uploads\/2010\/07\/cimg0234-2-450x337.jpg\" alt=\"\" class=\"wp-image-1170\" title=\"cimg0234-2\" srcset=\"https:\/\/hallingdalflyklubb.no\/wordpress\/wp-content\/uploads\/2010\/07\/cimg0234-2-450x337.jpg 450w, https:\/\/hallingdalflyklubb.no\/wordpress\/wp-content\/uploads\/2010\/07\/cimg0234-2.jpg 750w\" sizes=\"auto, (max-width: 450px) 100vw, 450px\" \/><\/a><\/figure>\n\n\n\n<p class=\"wp-caption-dd\"><\/p>\n\n\n\n<p class=\"wp-caption-dd\">I \u00e5r var det bra deltagelse i det fine v\u00e6ret vi hadde i helga. Det var snaue 40 p\u00e5meldte deltagere der vi telte til ca 85 modellfly. Etter en driftig jobbing av Oddgeir &amp; co ble det snaue 10 nye medlemmer i l\u00f8pet av helga.<\/p>\n\n\n\n<figure class=\"wp-block-image\"><a href=\"https:\/\/hallingdalflyklubb.no\/wordpress\/wp-content\/uploads\/2010\/07\/cimg0226-2.jpg\"><img loading=\"lazy\" decoding=\"async\" width=\"150\" height=\"150\" src=\"https:\/\/hallingdalflyklubb.no\/wordpress\/wp-content\/uploads\/2010\/07\/cimg0226-2-150x150.jpg\" alt=\"\" class=\"wp-image-1171\" title=\"cimg0226-2\"\/><\/a><\/figure>\n\n\n\n<figure class=\"wp-block-image\"><a href=\"https:\/\/hallingdalflyklubb.no\/wordpress\/wp-content\/uploads\/2010\/07\/cimg0227-2.jpg\"><img loading=\"lazy\" decoding=\"async\" width=\"150\" height=\"150\" src=\"https:\/\/hallingdalflyklubb.no\/wordpress\/wp-content\/uploads\/2010\/07\/cimg0227-2-150x150.jpg\" alt=\"\" class=\"wp-image-1172\" title=\"cimg0227-2\"\/><\/a><\/figure>\n\n\n\n<figure class=\"wp-block-image\"><img loading=\"lazy\" decoding=\"async\" width=\"150\" height=\"150\" src=\"https:\/\/hallingdalflyklubb.no\/wordpress\/wp-content\/uploads\/2010\/07\/cimg0229-2-150x150.jpg\" alt=\"\" class=\"wp-image-1173\" title=\"cimg0229-2\"\/><\/figure>\n\n\n\n<p class=\"wp-caption-dd\"><\/p>\n\n\n\n<p class=\"wp-caption-dd\">&nbsp;Noe av depoet&nbsp;&nbsp;&nbsp;&nbsp;&nbsp;&nbsp;&nbsp;&nbsp;&nbsp;&nbsp;&nbsp;&nbsp;&nbsp;&nbsp;&nbsp;Noen store modeller&nbsp;&nbsp;&nbsp;&nbsp;&nbsp;&nbsp;&nbsp;&nbsp;&nbsp;&nbsp;&nbsp; noen hoovrer<\/p>\n\n\n\n<figure class=\"wp-block-image\"><a href=\"https:\/\/hallingdalflyklubb.no\/wordpress\/wp-content\/uploads\/2010\/07\/cimg0230-2.jpg\"><img loading=\"lazy\" decoding=\"async\" width=\"150\" height=\"150\" src=\"https:\/\/hallingdalflyklubb.no\/wordpress\/wp-content\/uploads\/2010\/07\/cimg0230-2-150x150.jpg\" alt=\"\" class=\"wp-image-1174\" title=\"cimg0230-2\"\/><\/a><\/figure>\n\n\n\n<figure class=\"wp-block-image\"><a href=\"https:\/\/hallingdalflyklubb.no\/wordpress\/wp-content\/uploads\/2010\/07\/cimg0242-2.jpg\"><img loading=\"lazy\" decoding=\"async\" width=\"150\" height=\"150\" src=\"https:\/\/hallingdalflyklubb.no\/wordpress\/wp-content\/uploads\/2010\/07\/cimg0242-2-150x150.jpg\" alt=\"\" class=\"wp-image-1175\" title=\"cimg0242-2\"\/><\/a><\/figure>\n\n\n\n<p class=\"wp-caption-dd\"><\/p>\n\n\n\n<p class=\"wp-caption-dd\">Noen flyr i kniv egg&nbsp;&nbsp;&nbsp;&nbsp;&nbsp;&nbsp;&nbsp;&nbsp;&nbsp;&nbsp;&nbsp;&nbsp;&nbsp;&nbsp;&nbsp;&nbsp; Viko jordet med nedre Gol sentrum<\/p>\n\n\n\n<p class=\"wp-caption-dd\">Vi takker alle deltagere for for et fint stevne med mye fin flyging og mye annen morro !!<\/p>\n\n\n\n<p class=\"wp-caption-dd\">XXXXXXXXXXXXXXXXXXXXXXXXXXXXXXXXXXXXXXXXXXXXXXXXXXXXXXXXXXXXXXXXXXXXXX<\/p>\n\n\n\n<figure class=\"wp-block-image\"><a href=\"https:\/\/hallingdalflyklubb.no\/wordpress\/wp-content\/uploads\/2010\/06\/goldagan-101.jpg\"><img loading=\"lazy\" decoding=\"async\" width=\"700\" height=\"470\" src=\"https:\/\/hallingdalflyklubb.no\/wordpress\/wp-content\/uploads\/2010\/06\/goldagan-101.jpg\" alt=\"\" class=\"wp-image-1086\" title=\"goldagan-101\" srcset=\"https:\/\/hallingdalflyklubb.no\/wordpress\/wp-content\/uploads\/2010\/06\/goldagan-101.jpg 700w, https:\/\/hallingdalflyklubb.no\/wordpress\/wp-content\/uploads\/2010\/06\/goldagan-101-450x302.jpg 450w\" sizes=\"auto, (max-width: 700px) 100vw, 700px\" \/><\/a><\/figure>\n","protected":false},"excerpt":{"rendered":"<p>Webkamera over modellflyplassen Operativ leder Modellfly&nbsp;&nbsp;&nbsp;&nbsp;&nbsp;&nbsp;&nbsp;&nbsp;&nbsp;&nbsp;&nbsp;&nbsp;&nbsp;&nbsp;&nbsp;&nbsp;&nbsp;&nbsp;&nbsp;&nbsp;&nbsp; Operativ asistent modellfly &nbsp;&nbsp;&nbsp;tlf: 90660858&nbsp;&nbsp;&nbsp;&nbsp;&nbsp;&nbsp;&nbsp;&nbsp;&nbsp;&nbsp;&nbsp;&nbsp;&nbsp;&nbsp;&nbsp;&nbsp;&nbsp;&nbsp;&nbsp;&nbsp;&nbsp;&nbsp;&nbsp;&nbsp;&nbsp;&nbsp;&nbsp;&nbsp;&nbsp;&nbsp;&nbsp;&nbsp;&nbsp;&nbsp;&nbsp;&nbsp;&nbsp;&nbsp;tlf: 90172362 \u00a0 \u00a0Oddgeir Leikvold\u00a0 \u00a0 \u00a0 \u00a0 \u00a0 \u00a0 \u00a0 \u00a0 Odd Roger Fremstad\u00a0 e post oddgeir@leikvold.no &nbsp;&nbsp;&nbsp;&nbsp;&nbsp;&nbsp;&nbsp;&nbsp;&nbsp;&nbsp;&nbsp;&nbsp;&nbsp;&nbsp;&nbsp;&nbsp;&nbsp;&nbsp;e post rogfrem@hotmail.no &nbsp; Modellfly stripa har kunstgress og er p\u00e5 x &hellip; <a href=\"https:\/\/hallingdalflyklubb.no\/wordpress\/klubben\/modellfly-2\/\">Les videre <span class=\"meta-nav\">&rarr;<\/span><\/a><\/p>\n","protected":false},"author":9,"featured_media":0,"parent":4157,"menu_order":0,"comment_status":"closed","ping_status":"closed","template":"","meta":{"footnotes":""},"class_list":["post-1083","page","type-page","status-publish","hentry"],"_links":{"self":[{"href":"https:\/\/hallingdalflyklubb.no\/wordpress\/wp-json\/wp\/v2\/pages\/1083","targetHints":{"allow":["GET"]}}],"collection":[{"href":"https:\/\/hallingdalflyklubb.no\/wordpress\/wp-json\/wp\/v2\/pages"}],"about":[{"href":"https:\/\/hallingdalflyklubb.no\/wordpress\/wp-json\/wp\/v2\/types\/page"}],"author":[{"embeddable":true,"href":"https:\/\/hallingdalflyklubb.no\/wordpress\/wp-json\/wp\/v2\/users\/9"}],"replies":[{"embeddable":true,"href":"https:\/\/hallingdalflyklubb.no\/wordpress\/wp-json\/wp\/v2\/comments?post=1083"}],"version-history":[{"count":74,"href":"https:\/\/hallingdalflyklubb.no\/wordpress\/wp-json\/wp\/v2\/pages\/1083\/revisions"}],"predecessor-version":[{"id":6497,"href":"https:\/\/hallingdalflyklubb.no\/wordpress\/wp-json\/wp\/v2\/pages\/1083\/revisions\/6497"}],"up":[{"embeddable":true,"href":"https:\/\/hallingdalflyklubb.no\/wordpress\/wp-json\/wp\/v2\/pages\/4157"}],"wp:attachment":[{"href":"https:\/\/hallingdalflyklubb.no\/wordpress\/wp-json\/wp\/v2\/media?parent=1083"}],"curies":[{"name":"wp","href":"https:\/\/api.w.org\/{rel}","templated":true}]}}