{"id":1381,"date":"2010-12-26T16:52:46","date_gmt":"2010-12-26T14:52:46","guid":{"rendered":"http:\/\/hallingdalflyklubb.no\/wordpress\/?page_id=1381"},"modified":"2019-02-05T21:48:36","modified_gmt":"2019-02-05T19:48:36","slug":"klubb-pft","status":"publish","type":"page","link":"https:\/\/hallingdalflyklubb.no\/wordpress\/flyging\/klubb-pft\/","title":{"rendered":"Klubb PFT motorfly"},"content":{"rendered":"<p class=\"MsoNormal\"><span style=\"font-size: 12pt; line-height: 115%;\">Fra 1. Januar 2011 iverksetter Hallingdal Flyklubb <strong>klubb PFT<\/strong>. Den er obligatorisk for alle medlemmer som bruker klubbens motorfly. Den vil bli gjennomf\u00f8rt med klubbens C172 LN-KAB med en av klubbens instrukt\u00f8rer. <\/span><\/p>\n<p class=\"MsoNormal\"><span style=\"font-size: 12pt; line-height: 115%;\">Instrukt\u00f8rkapasiteten i klubben vil bli mye bedre fra og med 2011. Det betyr at motorflyskolen har som m\u00e5l \u00e5 arrangere flere typer kurs for medlemmer som har interesse av det. Navigasjonskurs med fokus p\u00e5 \u00e5 fly til kontrollerte flyplasser vil allerede igangsettes tidlig p\u00e5 ny\u00e5ret. Det er ogs\u00e5 m\u00e5l om \u00e5 videreutvikle G1000-kurset, samt nattutsjekk. \u00c5 delta p\u00e5 slike kurs, vil telle som klubb PFT. Dersom man ikke deltar p\u00e5 et slikt kurs, s\u00e5 er det bare \u00e5 booke en time med instrukt\u00f8r.<\/span><\/p>\n<p class=\"MsoNormal\"><span style=\"font-size: 12pt; line-height: 115%;\">M\u00e5let med klubb PFT er \u00e5 \u00f8ke kunnskapen og sikkerheten til medlemmene i HFK. Benytt turen til \u00e5 friske opp kunnskap og fjerne \u201drust\u201d dersom det er lenge siden du har flydd. Dersom du har ting du har lyst \u00e5 l\u00e6re mer om, s\u00e5 ta det opp med instrukt\u00f8r p\u00e5 forh\u00e5nd.<\/span><\/p>\n<p class=\"MsoNormal\"><span style=\"font-size: 12pt; line-height: 115%;\">Kravet er at samtlige skal ha gjennomf\u00f8rt klubb PFT innen 2011. Timen med instrukt\u00f8r kan da ogs\u00e5 brukes i forbindelse med fornyelse av rettighet (12-timers regelen). <span style=\"font-size: 12pt; line-height: 115%;\"><a href=\"https:\/\/hallingdalflyklubb.no\/wordpress\/wp-content\/uploads\/2011\/03\/skjema-for-klubb-pft.pdf\">skjema-for-klubb-pft<\/a><\/span><\/span><\/p>\n<p class=\"MsoNormal\"><strong><span style=\"font-size: 12pt; line-height: 115%;\">For klubb PFT, kontakt:<\/span><\/strong><\/p>\n<p class=\"MsoNormal\"><strong><span style=\"font-size: 12pt; line-height: 115%;\">Kristoffer Flaathen: 911 68 048<\/span><\/strong><\/p>\n<p class=\"MsoNormal\"><strong><span style=\"font-size: 12pt; line-height: 115%;\">Lars Arne Vestfossen: 971 54 704<\/span><\/strong><\/p>\n<p class=\"MsoNormal\">&nbsp;<\/p>\n<p class=\"MsoNormal\"><span style=\"font-size: 12pt; line-height: 115%;\">Motorflyskolen<\/span><\/p>\n","protected":false},"excerpt":{"rendered":"<p>Fra 1. Januar 2011 iverksetter Hallingdal Flyklubb klubb PFT. Den er obligatorisk for alle medlemmer som bruker klubbens motorfly. Den vil bli gjennomf\u00f8rt med klubbens C172 LN-KAB med en av klubbens instrukt\u00f8rer. Instrukt\u00f8rkapasiteten i klubben vil bli mye bedre fra &hellip; <a href=\"https:\/\/hallingdalflyklubb.no\/wordpress\/flyging\/klubb-pft\/\">Les videre <span class=\"meta-nav\">&rarr;<\/span><\/a><\/p>\n","protected":false},"author":19,"featured_media":0,"parent":4177,"menu_order":0,"comment_status":"closed","ping_status":"closed","template":"","meta":{"footnotes":""},"class_list":["post-1381","page","type-page","status-publish","hentry"],"_links":{"self":[{"href":"https:\/\/hallingdalflyklubb.no\/wordpress\/wp-json\/wp\/v2\/pages\/1381","targetHints":{"allow":["GET"]}}],"collection":[{"href":"https:\/\/hallingdalflyklubb.no\/wordpress\/wp-json\/wp\/v2\/pages"}],"about":[{"href":"https:\/\/hallingdalflyklubb.no\/wordpress\/wp-json\/wp\/v2\/types\/page"}],"author":[{"embeddable":true,"href":"https:\/\/hallingdalflyklubb.no\/wordpress\/wp-json\/wp\/v2\/users\/19"}],"replies":[{"embeddable":true,"href":"https:\/\/hallingdalflyklubb.no\/wordpress\/wp-json\/wp\/v2\/comments?post=1381"}],"version-history":[{"count":6,"href":"https:\/\/hallingdalflyklubb.no\/wordpress\/wp-json\/wp\/v2\/pages\/1381\/revisions"}],"predecessor-version":[{"id":4182,"href":"https:\/\/hallingdalflyklubb.no\/wordpress\/wp-json\/wp\/v2\/pages\/1381\/revisions\/4182"}],"up":[{"embeddable":true,"href":"https:\/\/hallingdalflyklubb.no\/wordpress\/wp-json\/wp\/v2\/pages\/4177"}],"wp:attachment":[{"href":"https:\/\/hallingdalflyklubb.no\/wordpress\/wp-json\/wp\/v2\/media?parent=1381"}],"curies":[{"name":"wp","href":"https:\/\/api.w.org\/{rel}","templated":true}]}}