{"id":1515,"date":"2011-03-31T17:23:20","date_gmt":"2011-03-31T15:23:20","guid":{"rendered":"http:\/\/hallingdalflyklubb.no\/wordpress\/?page_id=1515"},"modified":"2025-03-03T17:14:25","modified_gmt":"2025-03-03T16:14:25","slug":"fjelleir","status":"publish","type":"page","link":"https:\/\/hallingdalflyklubb.no\/wordpress\/aktiviteter\/fjelleir\/","title":{"rendered":"Flyleir \/ Fjelleir  2025 p\u00e5 Nystuen \/ Otr\u00f8vatnet."},"content":{"rendered":"\n<figure class=\"wp-block-image size-large\"><a href=\"https:\/\/hallingdalflyklubb.no\/wordpress\/wp-content\/uploads\/2024\/03\/CIMG0034-2-scaled.jpg\"><img loading=\"lazy\" decoding=\"async\" width=\"1024\" height=\"438\" src=\"https:\/\/hallingdalflyklubb.no\/wordpress\/wp-content\/uploads\/2024\/03\/CIMG0034-2-1024x438.jpg\" alt=\"\" class=\"wp-image-6070\" srcset=\"https:\/\/hallingdalflyklubb.no\/wordpress\/wp-content\/uploads\/2024\/03\/CIMG0034-2-1024x438.jpg 1024w, https:\/\/hallingdalflyklubb.no\/wordpress\/wp-content\/uploads\/2024\/03\/CIMG0034-2-450x192.jpg 450w, https:\/\/hallingdalflyklubb.no\/wordpress\/wp-content\/uploads\/2024\/03\/CIMG0034-2-768x328.jpg 768w, https:\/\/hallingdalflyklubb.no\/wordpress\/wp-content\/uploads\/2024\/03\/CIMG0034-2-1536x657.jpg 1536w, https:\/\/hallingdalflyklubb.no\/wordpress\/wp-content\/uploads\/2024\/03\/CIMG0034-2-2048x876.jpg 2048w, https:\/\/hallingdalflyklubb.no\/wordpress\/wp-content\/uploads\/2024\/03\/CIMG0034-2-500x214.jpg 500w\" sizes=\"auto, (max-width: 1024px) 100vw, 1024px\" \/><\/a><\/figure>\n\n\n\n<p>l<\/p>\n\n\n\n<figure class=\"wp-block-image size-large is-resized\"><a href=\"https:\/\/hallingdalflyklubb.no\/wordpress\/wp-content\/uploads\/2023\/03\/20220426_104023-scaled.jpg\"><img loading=\"lazy\" decoding=\"async\" width=\"1024\" height=\"577\" src=\"https:\/\/hallingdalflyklubb.no\/wordpress\/wp-content\/uploads\/2023\/03\/20220426_104023-1024x577.jpg\" alt=\"\" class=\"wp-image-5571\" style=\"width:605px;height:340px\" srcset=\"https:\/\/hallingdalflyklubb.no\/wordpress\/wp-content\/uploads\/2023\/03\/20220426_104023-1024x577.jpg 1024w, https:\/\/hallingdalflyklubb.no\/wordpress\/wp-content\/uploads\/2023\/03\/20220426_104023-450x253.jpg 450w, https:\/\/hallingdalflyklubb.no\/wordpress\/wp-content\/uploads\/2023\/03\/20220426_104023-768x432.jpg 768w, https:\/\/hallingdalflyklubb.no\/wordpress\/wp-content\/uploads\/2023\/03\/20220426_104023-1536x865.jpg 1536w, https:\/\/hallingdalflyklubb.no\/wordpress\/wp-content\/uploads\/2023\/03\/20220426_104023-2048x1153.jpg 2048w, https:\/\/hallingdalflyklubb.no\/wordpress\/wp-content\/uploads\/2023\/03\/20220426_104023-500x282.jpg 500w\" sizes=\"auto, (max-width: 1024px) 100vw, 1024px\" \/><\/a><\/figure>\n\n\n\n<figure class=\"wp-block-image size-large is-resized\"><a href=\"https:\/\/hallingdalflyklubb.no\/wordpress\/wp-content\/uploads\/2023\/03\/20220426_104537-scaled.jpg\"><img loading=\"lazy\" decoding=\"async\" width=\"1024\" height=\"577\" src=\"https:\/\/hallingdalflyklubb.no\/wordpress\/wp-content\/uploads\/2023\/03\/20220426_104537-1024x577.jpg\" alt=\"\" class=\"wp-image-5572\" style=\"width:604px;height:339px\" srcset=\"https:\/\/hallingdalflyklubb.no\/wordpress\/wp-content\/uploads\/2023\/03\/20220426_104537-1024x577.jpg 1024w, https:\/\/hallingdalflyklubb.no\/wordpress\/wp-content\/uploads\/2023\/03\/20220426_104537-450x253.jpg 450w, https:\/\/hallingdalflyklubb.no\/wordpress\/wp-content\/uploads\/2023\/03\/20220426_104537-768x432.jpg 768w, https:\/\/hallingdalflyklubb.no\/wordpress\/wp-content\/uploads\/2023\/03\/20220426_104537-1536x865.jpg 1536w, https:\/\/hallingdalflyklubb.no\/wordpress\/wp-content\/uploads\/2023\/03\/20220426_104537-2048x1153.jpg 2048w, https:\/\/hallingdalflyklubb.no\/wordpress\/wp-content\/uploads\/2023\/03\/20220426_104537-500x282.jpg 500w\" sizes=\"auto, (max-width: 1024px) 100vw, 1024px\" \/><\/a><\/figure>\n\n\n\n<p>                                 <strong>   <\/strong><\/p>\n\n\n<div class=\"wp-block-image\">\n<figure class=\"alignleft size-large is-resized\"><a href=\"https:\/\/hallingdalflyklubb.no\/wordpress\/wp-content\/uploads\/2022\/03\/20210430_153831-scaled.jpg\"><img loading=\"lazy\" decoding=\"async\" width=\"1024\" height=\"577\" src=\"https:\/\/hallingdalflyklubb.no\/wordpress\/wp-content\/uploads\/2022\/03\/20210430_153831-1024x577.jpg\" alt=\"\" class=\"wp-image-5199\" style=\"width:267px;height:150px\" srcset=\"https:\/\/hallingdalflyklubb.no\/wordpress\/wp-content\/uploads\/2022\/03\/20210430_153831-1024x577.jpg 1024w, https:\/\/hallingdalflyklubb.no\/wordpress\/wp-content\/uploads\/2022\/03\/20210430_153831-450x253.jpg 450w, https:\/\/hallingdalflyklubb.no\/wordpress\/wp-content\/uploads\/2022\/03\/20210430_153831-768x432.jpg 768w, https:\/\/hallingdalflyklubb.no\/wordpress\/wp-content\/uploads\/2022\/03\/20210430_153831-1536x865.jpg 1536w, https:\/\/hallingdalflyklubb.no\/wordpress\/wp-content\/uploads\/2022\/03\/20210430_153831-2048x1153.jpg 2048w, https:\/\/hallingdalflyklubb.no\/wordpress\/wp-content\/uploads\/2022\/03\/20210430_153831-500x282.jpg 500w\" sizes=\"auto, (max-width: 1024px) 100vw, 1024px\" \/><\/a><\/figure>\n<\/div>\n\n<div class=\"wp-block-image\">\n<figure class=\"alignright size-large is-resized\"><a href=\"https:\/\/hallingdalflyklubb.no\/wordpress\/wp-content\/uploads\/2022\/03\/20170215_133511-2.jpg\"><img loading=\"lazy\" decoding=\"async\" width=\"1024\" height=\"576\" src=\"https:\/\/hallingdalflyklubb.no\/wordpress\/wp-content\/uploads\/2022\/03\/20170215_133511-2-1024x576.jpg\" alt=\"\" class=\"wp-image-5200\" style=\"width:259px;height:147px\" srcset=\"https:\/\/hallingdalflyklubb.no\/wordpress\/wp-content\/uploads\/2022\/03\/20170215_133511-2-1024x576.jpg 1024w, https:\/\/hallingdalflyklubb.no\/wordpress\/wp-content\/uploads\/2022\/03\/20170215_133511-2-450x253.jpg 450w, https:\/\/hallingdalflyklubb.no\/wordpress\/wp-content\/uploads\/2022\/03\/20170215_133511-2-768x432.jpg 768w, https:\/\/hallingdalflyklubb.no\/wordpress\/wp-content\/uploads\/2022\/03\/20170215_133511-2-1536x864.jpg 1536w, https:\/\/hallingdalflyklubb.no\/wordpress\/wp-content\/uploads\/2022\/03\/20170215_133511-2-2048x1152.jpg 2048w, https:\/\/hallingdalflyklubb.no\/wordpress\/wp-content\/uploads\/2022\/03\/20170215_133511-2-500x281.jpg 500w\" sizes=\"auto, (max-width: 1024px) 100vw, 1024px\" \/><\/a><\/figure>\n<\/div>\n\n\n<p><\/p>\n\n\n\n<p><\/p>\n\n\n\n<p>Fjelleir for skifly 2025 arrangeres tradisjon tro p\u00e5 Filefjell, Utrovann<img loading=\"lazy\" decoding=\"async\" alt=\"\u2708\ufe0f\" height=\"16\" width=\"16\" src=\"blob:https:\/\/hallingdalflyklubb.no\/32feb8ac-5a1d-411c-840c-7547f88e96be\"><img loading=\"lazy\" decoding=\"async\" alt=\"\ud83c\udfd4\" height=\"16\" width=\"16\" src=\"blob:https:\/\/hallingdalflyklubb.no\/aca22ad9-090f-4619-b79e-ba8af497597f\"><\/p>\n\n\n\n<p><img loading=\"lazy\" decoding=\"async\" alt=\"\ud83d\udcc5\" height=\"16\" width=\"16\" src=\"blob:https:\/\/hallingdalflyklubb.no\/5ebd4067-8d09-4d95-8386-c17a34c79509\">&nbsp;Dato: onsdag 23. &#8211; S\u00f8ndag 27. april.<\/p>\n\n\n\n<p>P\u00e5melding skjer direkte til Filefjellstuene:<\/p>\n\n\n\n<p><img loading=\"lazy\" decoding=\"async\" alt=\"\ud83d\udce7\" height=\"16\" width=\"16\" src=\"blob:https:\/\/hallingdalflyklubb.no\/8e918e3d-60cb-4059-94fa-73fd91cf6dd6\">&nbsp;Epost: booking@tyin.no<br><img loading=\"lazy\" decoding=\"async\" alt=\"\ud83d\udcde\" height=\"16\" width=\"16\" src=\"blob:https:\/\/hallingdalflyklubb.no\/d4729a53-11d4-45fd-a6a5-622d6250e515\">&nbsp;Tlf.: 46665665<\/p>\n\n\n\n<p>Husk \u00e5 merke med &laquo;flyklubben&raquo;.<\/p>\n\n\n\n<p><img loading=\"lazy\" decoding=\"async\" alt=\"\ud83d\uded1\" height=\"16\" width=\"16\" src=\"blob:https:\/\/hallingdalflyklubb.no\/7b543650-9065-4bce-a7c4-c7f7b1055b49\">&nbsp;Det er begrenset med plasser, og p\u00e5melding er bindene. Frist 10. april.<\/p>\n\n\n\n<p>Arrang\u00f8r er som tidligere Hallingdal Flyklubb og Valdres Modellflyklubb i samarbeid med Filefjellstuene\u200b&nbsp;og grunneier Sigrid Nystuen.<\/p>\n\n\n\n<p>Nytt \u00e5r er at det igjen vil v\u00e6re (ski)seilfly (LN-GID\/Mistral-C) tilgjengelig<img loading=\"lazy\" decoding=\"async\" alt=\"\ud83d\ude80\" height=\"16\" width=\"16\" src=\"blob:https:\/\/hallingdalflyklubb.no\/53f6af4e-e3ec-4d88-b5ec-3e0fe5d3ab69\"><\/p>\n\n\n\n<p>Overnatting p\u00e5 Filefjellstuene i enkelt- eller dobbeltrom, eller i hytte (inkl. frokost). Baren er \u00e5pen p\u00e5 ettermiddag og kveld<img loading=\"lazy\" decoding=\"async\" alt=\"\ud83c\udf79\" height=\"16\" width=\"16\" src=\"blob:https:\/\/hallingdalflyklubb.no\/741bc7c9-7d19-42fd-88ea-a6fd5f7eef23\"><\/p>\n\n\n\n<p>Fredag 25. april avholdes den tradisjonsrike festmiddagen p\u00e5 Filefjellstuene. Her blir det fest og moro, med god mat og drikke<img loading=\"lazy\" decoding=\"async\" alt=\"\ud83d\ude0a\" height=\"16\" width=\"16\" src=\"blob:https:\/\/hallingdalflyklubb.no\/32a61722-357f-4c31-89bd-937f58e9cf9a\"><\/p>\n\n\n\n<p>Priser:<br>Enkeltrom kr 1520,- per pers. \/ dobbeltrom kr 1690,- per rom.<\/p>\n\n\n\n<p><img loading=\"lazy\" decoding=\"async\" alt=\"\ud83c\udf7d\" height=\"16\" width=\"16\" src=\"blob:https:\/\/hallingdalflyklubb.no\/b34608f3-cdd4-4d69-af1c-7f23e50894bc\">&nbsp;Middag,<br>Onsdag 23.april &#8211; Fjellburger av reinsdyr servert med karamellisert l\u00f8k, bacon, ost, pommes frites og tr\u00f8ffelaioli<br>Allergener: egg, hvete, melk, sulfitt, sennep (265,-)<\/p>\n\n\n\n<p>Torsdag 24.april &#8211; Filefjellstuenes Kj\u00f8ttboller av reinsdyr og svin, med brun saus, potetstappe, tytteb\u00e6r og husets gr\u00f8nnsaker<br>Allergener: melk, sulfitt, selleri, egg (265,-)<\/p>\n\n\n\n<p>Fredag 25.april &#8211; Festmiddag<br>Vi vil veldig gjerne servere dere Filefjellstuene sin n\u00f8ye sammensatt 3-retters middag.<\/p>\n\n\n\n<p>L\u00f8rdag 26.april &#8211; Pizza, med selvvalgt topping.<br>Allergener: hvete, melk, sulfitt (190,-)<\/p>\n\n\n\n<p>Det blir briefing og sikkerhetsm\u00f8te med Per &amp; P\u00e5l torsdag 24 april kl.10.00<img loading=\"lazy\" decoding=\"async\" alt=\"\ud83d\udeeb\" height=\"16\" width=\"16\" src=\"blob:https:\/\/hallingdalflyklubb.no\/15108c70-ea57-4102-93c7-3e8dd0bcf7a8\"><\/p>\n\n\n\n<p>Kontaktperson Hallingdal Flyklubb:<br><img loading=\"lazy\" decoding=\"async\" alt=\"\ud83d\udccc\" height=\"16\" width=\"16\" src=\"blob:https:\/\/hallingdalflyklubb.no\/d93543f9-9925-47dd-ba51-b628afd332aa\">Lasse Nystuen &#8211; 99287118 \/ lassenystuen@outlook.com<br><img loading=\"lazy\" decoding=\"async\" alt=\"\ud83d\udccc\" height=\"16\" width=\"16\" src=\"blob:https:\/\/hallingdalflyklubb.no\/8342f89a-16c1-42a8-8051-7dcc7858c48c\">Per Semeleng &#8211; 95874075 \/ per.semeleng@gmail.com<br><img loading=\"lazy\" decoding=\"async\" alt=\"\ud83d\udccc\" height=\"16\" width=\"16\" src=\"blob:https:\/\/hallingdalflyklubb.no\/d0138c66-d758-477f-affe-4969d54a6ae0\">K\u00e5re Weeg &#8211; 90166751 \/ weeg@online.no<\/p>\n\n\n\n<p>Kontaktperson hos Filefjellstuene:<br><img loading=\"lazy\" decoding=\"async\" alt=\"\ud83d\udccc\" height=\"16\" width=\"16\" src=\"blob:https:\/\/hallingdalflyklubb.no\/15800ec8-5d11-4db9-9502-7aa3e12b01df\">Lillian Sparstad &#8211; 46 665 665 \/ lillian.sparstad@tyin.no<\/p>\n\n\n\n<p>Vi gleder oss til en fantastisk flyleir p\u00e5 Filefjell!&nbsp;<img loading=\"lazy\" decoding=\"async\" alt=\"\u2708\ufe0f\" height=\"16\" width=\"16\" src=\"blob:https:\/\/hallingdalflyklubb.no\/d30e8818-2c61-4dda-9d5b-b6da9d4826ad\"><img loading=\"lazy\" decoding=\"async\" alt=\"\ud83c\udfd4\" height=\"16\" width=\"16\" src=\"blob:https:\/\/hallingdalflyklubb.no\/75fed7e4-6e7c-4bd2-8d9a-c840b39fc0f1\"><\/p>\n","protected":false},"excerpt":{"rendered":"<p>l Fjelleir for skifly 2025 arrangeres tradisjon tro p\u00e5 Filefjell, Utrovann &nbsp;Dato: onsdag 23. &#8211; S\u00f8ndag 27. april. P\u00e5melding skjer direkte til Filefjellstuene: &nbsp;Epost: booking@tyin.no&nbsp;Tlf.: 46665665 Husk \u00e5 merke med &laquo;flyklubben&raquo;. &nbsp;Det er begrenset med plasser, og p\u00e5melding er bindene. &hellip; <a href=\"https:\/\/hallingdalflyklubb.no\/wordpress\/aktiviteter\/fjelleir\/\">Les videre <span class=\"meta-nav\">&rarr;<\/span><\/a><\/p>\n","protected":false},"author":9,"featured_media":0,"parent":4190,"menu_order":0,"comment_status":"closed","ping_status":"closed","template":"","meta":{"footnotes":""},"class_list":["post-1515","page","type-page","status-publish","hentry"],"_links":{"self":[{"href":"https:\/\/hallingdalflyklubb.no\/wordpress\/wp-json\/wp\/v2\/pages\/1515","targetHints":{"allow":["GET"]}}],"collection":[{"href":"https:\/\/hallingdalflyklubb.no\/wordpress\/wp-json\/wp\/v2\/pages"}],"about":[{"href":"https:\/\/hallingdalflyklubb.no\/wordpress\/wp-json\/wp\/v2\/types\/page"}],"author":[{"embeddable":true,"href":"https:\/\/hallingdalflyklubb.no\/wordpress\/wp-json\/wp\/v2\/users\/9"}],"replies":[{"embeddable":true,"href":"https:\/\/hallingdalflyklubb.no\/wordpress\/wp-json\/wp\/v2\/comments?post=1515"}],"version-history":[{"count":88,"href":"https:\/\/hallingdalflyklubb.no\/wordpress\/wp-json\/wp\/v2\/pages\/1515\/revisions"}],"predecessor-version":[{"id":6366,"href":"https:\/\/hallingdalflyklubb.no\/wordpress\/wp-json\/wp\/v2\/pages\/1515\/revisions\/6366"}],"up":[{"embeddable":true,"href":"https:\/\/hallingdalflyklubb.no\/wordpress\/wp-json\/wp\/v2\/pages\/4190"}],"wp:attachment":[{"href":"https:\/\/hallingdalflyklubb.no\/wordpress\/wp-json\/wp\/v2\/media?parent=1515"}],"curies":[{"name":"wp","href":"https:\/\/api.w.org\/{rel}","templated":true}]}}