{"id":1590,"date":"2011-06-07T23:46:45","date_gmt":"2011-06-07T21:46:45","guid":{"rendered":"http:\/\/hallingdalflyklubb.no\/wordpress\/?page_id=1590"},"modified":"2026-02-05T16:15:42","modified_gmt":"2026-02-05T15:15:42","slug":"terminliste","status":"publish","type":"page","link":"https:\/\/hallingdalflyklubb.no\/wordpress\/aktiviteter\/terminliste\/","title":{"rendered":"Terminliste  2026"},"content":{"rendered":"\n<h2 class=\"wp-block-heading\"><\/h2>\n\n\n<h2>Januar<\/h2>\n<p>16-18\u00a0 \u00a0 Nytt\u00e5rsbord med faglig innhold p\u00e5 Storefjell<\/p>\n<h2>Februar<\/h2>\n<p>\u00a028\u00a0 \u00a0 \u00a0 \u00a0 \u00c5rsm\u00f8te p\u00e5 Oset hotell<\/p>\n<h2>Mars<\/h2>\n<p><strong>07-15<\/strong>\u00a0 \u00a0 \u00a0V\u00e5g\u00e5 Wavecamp\u00a0<\/p>\n<h2>April\u00a0<\/h2>\n<p><strong>04 -19\u00a0 \u00a0 \u00a0<\/strong>Sun&amp;Fun<\/p>\n<p><strong>22-25\u00a0 \u00a0 \u00a0<\/strong>\u00a0Friedrichshafen<\/p>\n<p>\u00a0<strong>23-26\u00a0 \u00a0 \u00a0<\/strong>Flyleir \/ Fjelleir\u00a0 Nystuen \/Otr\u00f8vatnet<\/p>\n<h2>Mai<\/h2>\n<h2>Juni\u00a0 \u00a0 \u00a0 \u00a0\u00a0<\/h2>\n<p><strong>07\u00a0 \u00a0 \u00a0 \u00a0 \u00a0 \u00a0<\/strong>Kjeller fly dag\u00a0<\/p>\n<p>13\u00a0 \u00a0 \u00a0 \u00a0 \u00a0 Camaro club. Bilkj\u00f8ring p\u00e5 banen mellom kl. 11.00 til 14.00<\/p>\n<p>20\u00a0 \u00a0 \u00a0 \u00a0 \u00a0 Porsce club, Bilkj\u00f8rig p\u00e5 banen mellom kl. 10.00 til 14.00\u00a0<\/p>\n<h2>Juli<strong>.<\/strong><\/h2>\n<p>04-05\u00a0 \u00a0 \u00a0Duxford sommer air show<\/p>\n<p><strong>17-19\u00a0 \u00a0 \u00a0<\/strong>Goldagan<\/p>\n<p><strong>20-26\u00a0 \u00a0<\/strong>\u00a0 Oshkosh<\/p>\n<h2>August<\/h2>\n<p>06<strong>&#8211;<\/strong>09\u00a0 \u00a0 \u00a0Halling Task \/ Norges Cup\u00a0 Seilfly.\u00a0<\/p>\n<p>13-16\u00a0 \u00a0 \u00a0 Luftsportsuka p\u00e5 Starmoen<\/p>\n<p>30\u00a0 \u00a0 \u00a0 \u00a0 \u00a0 Telemark Airshow Notodden<\/p>\n<h2>September\u00a0<\/h2>\n<p>05\u00a0 \u00a0 \u00a0 \u00a0 \u00a0 Corvette club. Bilkj\u00f8ring p\u00e5 banen mellom kl. 12.00 til 15.00<\/p>\n<p>04-06\u00a0 \u00a0 \u00a0 NM Seilfly acro Klanten<\/p>\n<p><strong>12-13\u00a0 \u00a0 \u00a0 <\/strong>Battle of Britain\u00a0 Duxford<\/p>\n<p><strong>\u00a0 \u00a0 \u00a0 \u00a0 \u00a0 \u00a0 \u00a0 \u00a0 <\/strong>F\u00e5refestival p\u00e5 Gol<\/p>\n<p><strong>28-<\/strong>\u00a0 \u00a0 \u00a0 &laquo;Klanten Wave Camp&raquo; fjellflyging, oksygenkurs, + div. ( Ole Baartvedt\u00a0 \u00a0 \u00a0 \u00a0 \u00a0 \u00a0 \u00a0 \u00a0 \u00a0 \u00a0 \u00a0 \u00a0 \u00a0 \u00a0 \u00a092288008 )<\/p>\n<h2><strong>Oktober<\/strong><\/h2>\n<p><strong>\u00a0 -04\u00a0 \u00a0 \u00a0 \u00a0 <\/strong>&laquo;Klanten Wave Camp&raquo; fjellflyging, oksygenkurs, + div. ( Ole Baartvedt\u00a0 \u00a0 \u00a0 \u00a0 \u00a0 \u00a0 \u00a0 \u00a0 \u00a0 \u00a0 \u00a0 \u00a0 \u00a0 \u00a0 \u00a092288008 )<\/p>\n<h2><strong>November<\/strong><\/h2>\n<p>\u00a0 \u00a0 \u00a0 \u00a0 \u00a0 \u00a0 \u00a0 Medlemsm\u00f8te \/ julebord\u00a0 ??<\/p>\n<h2><strong>Desember<\/strong><\/h2>\n<p>\u00a0 \u00a0 \u00a0 \u00a0 \u00a0 \u00a0 \u00a0 <strong>Snart JUL<\/strong><\/p>\n\n\n<p><\/p>\n","protected":false},"excerpt":{"rendered":"<p>Januar 16-18\u00a0 \u00a0 Nytt\u00e5rsbord med faglig innhold p\u00e5 Storefjell Februar \u00a028\u00a0 \u00a0 \u00a0 \u00a0 \u00c5rsm\u00f8te p\u00e5 Oset hotell Mars 07-15\u00a0 \u00a0 \u00a0V\u00e5g\u00e5 Wavecamp\u00a0 April\u00a0 04 -19\u00a0 \u00a0 \u00a0Sun&amp;Fun 22-25\u00a0 \u00a0 \u00a0\u00a0Friedrichshafen \u00a023-26\u00a0 \u00a0 \u00a0Flyleir \/ Fjelleir\u00a0 Nystuen \/Otr\u00f8vatnet Mai Juni\u00a0 &hellip; <a href=\"https:\/\/hallingdalflyklubb.no\/wordpress\/aktiviteter\/terminliste\/\">Les videre <span class=\"meta-nav\">&rarr;<\/span><\/a><\/p>\n","protected":false},"author":9,"featured_media":0,"parent":4190,"menu_order":0,"comment_status":"closed","ping_status":"closed","template":"","meta":{"footnotes":""},"class_list":["post-1590","page","type-page","status-publish","hentry"],"_links":{"self":[{"href":"https:\/\/hallingdalflyklubb.no\/wordpress\/wp-json\/wp\/v2\/pages\/1590","targetHints":{"allow":["GET"]}}],"collection":[{"href":"https:\/\/hallingdalflyklubb.no\/wordpress\/wp-json\/wp\/v2\/pages"}],"about":[{"href":"https:\/\/hallingdalflyklubb.no\/wordpress\/wp-json\/wp\/v2\/types\/page"}],"author":[{"embeddable":true,"href":"https:\/\/hallingdalflyklubb.no\/wordpress\/wp-json\/wp\/v2\/users\/9"}],"replies":[{"embeddable":true,"href":"https:\/\/hallingdalflyklubb.no\/wordpress\/wp-json\/wp\/v2\/comments?post=1590"}],"version-history":[{"count":169,"href":"https:\/\/hallingdalflyklubb.no\/wordpress\/wp-json\/wp\/v2\/pages\/1590\/revisions"}],"predecessor-version":[{"id":6623,"href":"https:\/\/hallingdalflyklubb.no\/wordpress\/wp-json\/wp\/v2\/pages\/1590\/revisions\/6623"}],"up":[{"embeddable":true,"href":"https:\/\/hallingdalflyklubb.no\/wordpress\/wp-json\/wp\/v2\/pages\/4190"}],"wp:attachment":[{"href":"https:\/\/hallingdalflyklubb.no\/wordpress\/wp-json\/wp\/v2\/media?parent=1590"}],"curies":[{"name":"wp","href":"https:\/\/api.w.org\/{rel}","templated":true}]}}