{"id":1655,"date":"2011-08-25T21:44:51","date_gmt":"2011-08-25T19:44:51","guid":{"rendered":"http:\/\/hallingdalflyklubb.no\/wordpress\/?page_id=1655"},"modified":"2019-02-05T22:03:44","modified_gmt":"2019-02-05T20:03:44","slug":"klanten","status":"publish","type":"page","link":"https:\/\/hallingdalflyklubb.no\/wordpress\/klubben\/klanten\/","title":{"rendered":"Klanten"},"content":{"rendered":"<h2><span style=\"text-decoration: underline;\">Scroll nedover p\u00e5 siden for reportasje<\/span><\/h2>\n<h2>Fly-inn for motor og mikrofly med<\/h2>\n<h2>Offisiell \u00e5pning av &laquo;nye Klanten&raquo; den 17-09-2011<\/h2>\n<p><a href=\"https:\/\/hallingdalflyklubb.no\/wordpress\/wp-content\/uploads\/2011\/08\/asfalt-klanten-3.jpg\"><img loading=\"lazy\" decoding=\"async\" class=\"alignnone size-full wp-image-1657\" title=\"asfalt-klanten-3\" src=\"https:\/\/hallingdalflyklubb.no\/wordpress\/wp-content\/uploads\/2011\/08\/asfalt-klanten-3.jpg\" alt=\"\" width=\"500\" height=\"372\" srcset=\"https:\/\/hallingdalflyklubb.no\/wordpress\/wp-content\/uploads\/2011\/08\/asfalt-klanten-3.jpg 801w, https:\/\/hallingdalflyklubb.no\/wordpress\/wp-content\/uploads\/2011\/08\/asfalt-klanten-3-450x335.jpg 450w\" sizes=\"auto, (max-width: 500px) 100vw, 500px\" \/><\/a><\/p>\n<h3>Vi \u00f8nsker alle med motorfly og mikrofly velkommen til fly-inn med markering\/\u00e5pning av nye Klanten`s &laquo;asfalt&raquo;. Sammenkomst i verkstedhangar p\u00e5 kvelden.<\/h3>\n<h3>Vi inviterer til \u00e5pen dag der det er anledning for intereserte \u00e5 f\u00e5 seg en introduksjonstur med fly<\/h3>\n<h3>Program ser slik ut: KL: 1300&nbsp; Ny\u00e5pning av Klanten med ordf\u00f8rer i Gol kommune&nbsp;og leder i Hallingdal flyklubb og andre sentrale personer i Hallingdal flyklubb&nbsp;<\/h3>\n<h3>Vi&nbsp;har kjosk der det er \u00e5 f\u00e5 kj\u00f8pt p\u00f8lser, hamburgere, vaffel , kaffe, drikke mm.<\/h3>\n<h3>Vi \u00f8nsker alle flyintreserte velkommen til Klanten denne dagen<\/h3>\n<p><a href=\"https:\/\/hallingdalflyklubb.no\/wordpress\/wp-content\/uploads\/2011\/08\/asfalt-klanten-ost-2.jpg\"><img loading=\"lazy\" decoding=\"async\" class=\"alignnone size-full wp-image-1670\" title=\"asfalt-klanten-ost-2\" src=\"https:\/\/hallingdalflyklubb.no\/wordpress\/wp-content\/uploads\/2011\/08\/asfalt-klanten-ost-2.jpg\" alt=\"\" width=\"500\" height=\"231\" srcset=\"https:\/\/hallingdalflyklubb.no\/wordpress\/wp-content\/uploads\/2011\/08\/asfalt-klanten-ost-2.jpg 802w, https:\/\/hallingdalflyklubb.no\/wordpress\/wp-content\/uploads\/2011\/08\/asfalt-klanten-ost-2-450x208.jpg 450w\" sizes=\"auto, (max-width: 500px) 100vw, 500px\" \/><\/a><\/p>\n<p>XXXXXXXXXXXXXXXXXXXXXXXXXXXXXXXXXXXXXXXXXXXXXXXXXXXXXXXX<\/p>\n<p>XXXXXXXXXXXXXXXXXXXXXXXXXXXXXXXXXXXXXXXXXXXXXXXXXXXXXXXX<\/p>\n<h2>Reportasje fra \u00e5pningen f\u00f8lger:<\/h2>\n<p><a href=\"https:\/\/hallingdalflyklubb.no\/wordpress\/wp-content\/uploads\/2011\/09\/dsc_0028-2-2.jpg\"><img loading=\"lazy\" decoding=\"async\" class=\"alignnone size-full wp-image-1683\" title=\"dsc_0028-2-2\" src=\"https:\/\/hallingdalflyklubb.no\/wordpress\/wp-content\/uploads\/2011\/09\/dsc_0028-2-2.jpg\" alt=\"\" width=\"500\" height=\"100\" srcset=\"https:\/\/hallingdalflyklubb.no\/wordpress\/wp-content\/uploads\/2011\/09\/dsc_0028-2-2.jpg 1200w, https:\/\/hallingdalflyklubb.no\/wordpress\/wp-content\/uploads\/2011\/09\/dsc_0028-2-2-450x90.jpg 450w\" sizes=\"auto, (max-width: 500px) 100vw, 500px\" \/><\/a><\/p>\n<p>Klikk p\u00e5 bildene for st\u00f8rre utgave.<\/p>\n<p>Oversiktbilde&nbsp;fra en del av flyene som m\u00f8tte opp til \u00e5pningen.<\/p>\n<p>Den offisielle \u00e5pningen av nye Klanten ble foretatt av ordf\u00f8rer&nbsp;&nbsp;Olaug Gr\u00f8nseth Granli&nbsp;i Gol kommune og lederen i Hallingdal flyklubb Erik Hanseg\u00e5rd med Hans Gjengedal som flygende snorklypper.<\/p>\n<p>Med klubben sine fly telte vi til 52 fly tilsammen som vi synes var meget bra, vi \u00f8nsker alle velkommen tilbake en annen gang.<\/p>\n<p>Etter en travel tid for t\u00e5rnbetjent Knut Kvissel n\u00e5r alle flyene hadde kommet ned, ble det f\u00f8rst tale av v\u00e5r leder Erik Hanseg\u00e5rd s\u00e5 kom ordf\u00f8rer&nbsp;Olaug Gr\u00f8nseth Granli&nbsp;i Gol kommune der hun f\u00f8rst kom&nbsp;med en fengende tale om klubbens historikk for deretter \u00e5 klarere flygende snorklypper Hans Gjengedal fri bane 29 for landing og snorklypp, deretter kom 2 av medlemmene som fl\u00f8y en fin oppvisning med modellfly. vi var ogs\u00e5 s\u00e5 heldige at vi hadde bes\u00f8k av Hans Petter Furre som fl\u00f8y en meget fin tur med&nbsp; Bird Dog.<\/p>\n<p>Ellers s\u00e5 lar vi bildene under tale for seg.<\/p>\n<p><a href=\"https:\/\/hallingdalflyklubb.no\/wordpress\/wp-content\/uploads\/2011\/09\/dsc_0016-2.jpg\"><img loading=\"lazy\" decoding=\"async\" class=\"alignnone size-medium wp-image-1684\" title=\"dsc_0016-2\" src=\"https:\/\/hallingdalflyklubb.no\/wordpress\/wp-content\/uploads\/2011\/09\/dsc_0016-2-450x298.jpg\" alt=\"\" width=\"450\" height=\"298\" srcset=\"https:\/\/hallingdalflyklubb.no\/wordpress\/wp-content\/uploads\/2011\/09\/dsc_0016-2-450x298.jpg 450w, https:\/\/hallingdalflyklubb.no\/wordpress\/wp-content\/uploads\/2011\/09\/dsc_0016-2.jpg 800w\" sizes=\"auto, (max-width: 450px) 100vw, 450px\" \/><\/a><\/p>\n<p>Ordf\u00f8rer i Gol kommune Olaug Gr\u00f8nseth Granli<\/p>\n<p><a href=\"https:\/\/hallingdalflyklubb.no\/wordpress\/wp-content\/uploads\/2011\/09\/dsc_0013-2.jpg\"><img loading=\"lazy\" decoding=\"async\" class=\"alignnone size-medium wp-image-1685\" title=\"dsc_0013-2\" src=\"https:\/\/hallingdalflyklubb.no\/wordpress\/wp-content\/uploads\/2011\/09\/dsc_0013-2-450x298.jpg\" alt=\"\" width=\"450\" height=\"298\" srcset=\"https:\/\/hallingdalflyklubb.no\/wordpress\/wp-content\/uploads\/2011\/09\/dsc_0013-2-450x298.jpg 450w, https:\/\/hallingdalflyklubb.no\/wordpress\/wp-content\/uploads\/2011\/09\/dsc_0013-2.jpg 800w\" sizes=\"auto, (max-width: 450px) 100vw, 450px\" \/><\/a><\/p>\n<p>Leder i Hallingdal flyklubb Erik Hanseg\u00e5rd<\/p>\n<p><a href=\"https:\/\/hallingdalflyklubb.no\/wordpress\/wp-content\/uploads\/2011\/09\/dsc_0024-2.jpg\"><\/a><a href=\"https:\/\/hallingdalflyklubb.no\/wordpress\/wp-content\/uploads\/2011\/09\/dsc_0017-2.jpg\"><img loading=\"lazy\" decoding=\"async\" class=\"alignnone size-thumbnail wp-image-1688\" title=\"dsc_0017-2\" src=\"https:\/\/hallingdalflyklubb.no\/wordpress\/wp-content\/uploads\/2011\/09\/dsc_0017-2-150x150.jpg\" alt=\"\" width=\"150\" height=\"150\"><\/a><a href=\"https:\/\/hallingdalflyklubb.no\/wordpress\/wp-content\/uploads\/2011\/09\/dsc_0024-21.jpg\"><img loading=\"lazy\" decoding=\"async\" class=\"alignnone size-thumbnail wp-image-1689\" title=\"dsc_0024-21\" src=\"https:\/\/hallingdalflyklubb.no\/wordpress\/wp-content\/uploads\/2011\/09\/dsc_0024-21-150x150.jpg\" alt=\"\" width=\"150\" height=\"150\"><\/a><a href=\"https:\/\/hallingdalflyklubb.no\/wordpress\/wp-content\/uploads\/2011\/09\/dsc_0025-21.jpg\"><img loading=\"lazy\" decoding=\"async\" class=\"alignnone size-thumbnail wp-image-1690\" title=\"dsc_0025-21\" src=\"https:\/\/hallingdalflyklubb.no\/wordpress\/wp-content\/uploads\/2011\/09\/dsc_0025-21-150x150.jpg\" alt=\"\" width=\"150\" height=\"150\"><\/a><\/p>\n<p>Mye folk tilstede&nbsp;&nbsp;&nbsp;&nbsp;&nbsp;&nbsp;&nbsp;&nbsp;&nbsp;&nbsp;&nbsp; Hans Gjengedal klar&nbsp;&nbsp;&nbsp;&nbsp;&nbsp;&nbsp;&nbsp;&nbsp;&nbsp;&nbsp; Her g\u00e5r snoren<\/p>\n<p><a href=\"https:\/\/hallingdalflyklubb.no\/wordpress\/wp-content\/uploads\/2011\/09\/dsc_0031-2.jpg\"><img loading=\"lazy\" decoding=\"async\" class=\"alignnone size-thumbnail wp-image-1691\" title=\"dsc_0031-2\" src=\"https:\/\/hallingdalflyklubb.no\/wordpress\/wp-content\/uploads\/2011\/09\/dsc_0031-2-150x150.jpg\" alt=\"\" width=\"150\" height=\"150\"><\/a><a href=\"https:\/\/hallingdalflyklubb.no\/wordpress\/wp-content\/uploads\/2011\/09\/dsc_0006-2.jpg\"><img loading=\"lazy\" decoding=\"async\" class=\"alignnone size-thumbnail wp-image-1692\" title=\"dsc_0006-2\" src=\"https:\/\/hallingdalflyklubb.no\/wordpress\/wp-content\/uploads\/2011\/09\/dsc_0006-2-150x150.jpg\" alt=\"\" width=\"150\" height=\"150\"><\/a><a href=\"https:\/\/hallingdalflyklubb.no\/wordpress\/wp-content\/uploads\/2011\/09\/dsc_0014-2.jpg\"><img loading=\"lazy\" decoding=\"async\" class=\"alignnone size-thumbnail wp-image-1693\" title=\"dsc_0014-2\" src=\"https:\/\/hallingdalflyklubb.no\/wordpress\/wp-content\/uploads\/2011\/09\/dsc_0014-2-150x150.jpg\" alt=\"\" width=\"150\" height=\"150\"><\/a><\/p>\n<p>Bird Dog i aksjon&nbsp;&nbsp;&nbsp;&nbsp;&nbsp;&nbsp;&nbsp;&nbsp;&nbsp;&nbsp;&nbsp;&nbsp; Modellflygutta gj\u00f8r klar&nbsp;&nbsp;&nbsp; Bra med folk tilstede<\/p>\n<p><a href=\"https:\/\/hallingdalflyklubb.no\/wordpress\/wp-content\/uploads\/2011\/09\/dsc_0032-2.jpg\"><img loading=\"lazy\" decoding=\"async\" class=\"alignnone size-thumbnail wp-image-1694\" title=\"dsc_0032-2\" src=\"https:\/\/hallingdalflyklubb.no\/wordpress\/wp-content\/uploads\/2011\/09\/dsc_0032-2-150x150.jpg\" alt=\"\" width=\"150\" height=\"150\"><\/a><a href=\"https:\/\/hallingdalflyklubb.no\/wordpress\/wp-content\/uploads\/2011\/09\/dsc_0002-2.jpg\"><img loading=\"lazy\" decoding=\"async\" class=\"alignnone size-thumbnail wp-image-1695\" title=\"dsc_0002-2\" src=\"https:\/\/hallingdalflyklubb.no\/wordpress\/wp-content\/uploads\/2011\/09\/dsc_0002-2-150x150.jpg\" alt=\"\" width=\"150\" height=\"150\"><\/a><a href=\"https:\/\/hallingdalflyklubb.no\/wordpress\/wp-content\/uploads\/2011\/09\/dsc_0003-2.jpg\"><img loading=\"lazy\" decoding=\"async\" class=\"alignnone size-thumbnail wp-image-1696\" title=\"dsc_0003-2\" src=\"https:\/\/hallingdalflyklubb.no\/wordpress\/wp-content\/uploads\/2011\/09\/dsc_0003-2-150x150.jpg\" alt=\"\" width=\"150\" height=\"150\"><\/a><\/p>\n<p>Stor k\u00f8 i kjosken&nbsp;&nbsp;&nbsp;&nbsp;Noen av v\u00e5re lokale fly&nbsp;&nbsp;Seilfly var ogs\u00e5 representert<\/p>\n<p><a href=\"https:\/\/hallingdalflyklubb.no\/wordpress\/wp-content\/uploads\/2011\/09\/dsc_0009-2.jpg\"><img loading=\"lazy\" decoding=\"async\" class=\"alignnone size-thumbnail wp-image-1697\" title=\"dsc_0009-2\" src=\"https:\/\/hallingdalflyklubb.no\/wordpress\/wp-content\/uploads\/2011\/09\/dsc_0009-2-150x150.jpg\" alt=\"\" width=\"150\" height=\"150\"><\/a><a href=\"https:\/\/hallingdalflyklubb.no\/wordpress\/wp-content\/uploads\/2011\/09\/dsc_0033-2.jpg\"><img loading=\"lazy\" decoding=\"async\" class=\"alignnone size-thumbnail wp-image-1698\" title=\"dsc_0033-2\" src=\"https:\/\/hallingdalflyklubb.no\/wordpress\/wp-content\/uploads\/2011\/09\/dsc_0033-2-150x150.jpg\" alt=\"\" width=\"150\" height=\"150\"><\/a><\/p>\n<p>Det kom&nbsp;etter v\u00e6rt mange fly&nbsp;&nbsp;&nbsp; Lokal stand motorfly<\/p>\n<h3>Video fra snorklypp klikk&nbsp; her:<\/h3>\n<h3>&nbsp;&nbsp;<a href=\"http:\/\/weeg.binaer.no\/weeg_com\/valdresfly\/cimg0516.avi\">http:\/\/weeg.binaer.no\/weeg_com\/valdresfly\/cimg0516.avi<\/a>&nbsp;&nbsp;&nbsp; 28.mb<\/h3>\n<h3>Video av taler med mer tatt av Arne N. klikk her:<\/h3>\n<h3>&nbsp;&nbsp; <a href=\"http:\/\/weeg.binaer.no\/weeg_com\/valdresfly\/video-arne-n.wmv\">http:\/\/weeg.binaer.no\/weeg_com\/valdresfly\/video-arne-n.wmv<\/a>&nbsp;&nbsp; 215.mb<\/h3>\n","protected":false},"excerpt":{"rendered":"<p>Scroll nedover p\u00e5 siden for reportasje Fly-inn for motor og mikrofly med Offisiell \u00e5pning av &laquo;nye Klanten&raquo; den 17-09-2011 Vi \u00f8nsker alle med motorfly og mikrofly velkommen til fly-inn med markering\/\u00e5pning av nye Klanten`s &laquo;asfalt&raquo;. Sammenkomst i verkstedhangar p\u00e5 kvelden. &hellip; <a href=\"https:\/\/hallingdalflyklubb.no\/wordpress\/klubben\/klanten\/\">Les videre <span class=\"meta-nav\">&rarr;<\/span><\/a><\/p>\n","protected":false},"author":9,"featured_media":0,"parent":4157,"menu_order":0,"comment_status":"closed","ping_status":"closed","template":"","meta":{"footnotes":""},"class_list":["post-1655","page","type-page","status-publish","hentry"],"_links":{"self":[{"href":"https:\/\/hallingdalflyklubb.no\/wordpress\/wp-json\/wp\/v2\/pages\/1655","targetHints":{"allow":["GET"]}}],"collection":[{"href":"https:\/\/hallingdalflyklubb.no\/wordpress\/wp-json\/wp\/v2\/pages"}],"about":[{"href":"https:\/\/hallingdalflyklubb.no\/wordpress\/wp-json\/wp\/v2\/types\/page"}],"author":[{"embeddable":true,"href":"https:\/\/hallingdalflyklubb.no\/wordpress\/wp-json\/wp\/v2\/users\/9"}],"replies":[{"embeddable":true,"href":"https:\/\/hallingdalflyklubb.no\/wordpress\/wp-json\/wp\/v2\/comments?post=1655"}],"version-history":[{"count":28,"href":"https:\/\/hallingdalflyklubb.no\/wordpress\/wp-json\/wp\/v2\/pages\/1655\/revisions"}],"predecessor-version":[{"id":4194,"href":"https:\/\/hallingdalflyklubb.no\/wordpress\/wp-json\/wp\/v2\/pages\/1655\/revisions\/4194"}],"up":[{"embeddable":true,"href":"https:\/\/hallingdalflyklubb.no\/wordpress\/wp-json\/wp\/v2\/pages\/4157"}],"wp:attachment":[{"href":"https:\/\/hallingdalflyklubb.no\/wordpress\/wp-json\/wp\/v2\/media?parent=1655"}],"curies":[{"name":"wp","href":"https:\/\/api.w.org\/{rel}","templated":true}]}}