{"id":17,"date":"2008-07-16T13:34:55","date_gmt":"2008-07-16T11:34:55","guid":{"rendered":"http:\/\/hallingdalflyklubb.no\/wordpress\/?page_id=17"},"modified":"2025-12-24T15:24:18","modified_gmt":"2025-12-24T14:24:18","slug":"om-klubben","status":"publish","type":"page","link":"https:\/\/hallingdalflyklubb.no\/wordpress\/klubben\/om-klubben\/","title":{"rendered":"Om klubben"},"content":{"rendered":"<p>Hallingdal Flyklubb best\u00e5r av en del ivrige flygere som jevnlig m\u00f8tes p\u00e5 Klanten Flyplass p\u00e5 Golsfjellet.<\/p>\n<p>Baneretning: <strong>11 \/ 29<br \/>\n600 x 11 m asfaltbane med ca.20 m gress p\u00e5 sidene og 200 x 50\u00a0 m gress i hver ende.<br \/>\n<\/strong><\/p>\n<p>Frekvens: <strong>133.990 mHz<br \/>\n<\/strong>Flyplasskode: <strong>ENKL<\/strong><\/p>\n<p>De siste \u00e5rene er plassen bygd ut med nytt klubbhus, hangar og verksted.<\/p>\n<p>Vinteren 2009 og v\u00e5ren 2010 vart banen renovert.<\/p>\n<p>600 m x 11 m vart gravd opp og planert s\u00e5 n\u00e5 har vi en fin og slett grusbane.<\/p>\n<p>Sommeren 2011 ca. august mnd. blir det lagt asfalt s\u00e5 da blir det 600 x 11 m asfaltbane med ca.20 m gress p\u00e5 sidene og 200 x 50\u00a0 m gress i hver ende.<\/p>\n<p><strong>Postadresse:<\/strong><br \/>\nHallingdal Flyklubb<br \/>\nPostboks 66<br \/>\n3551 Gol<\/p>\n<p><strong>Bank:<\/strong><br \/>\n2351.70.66923<\/p>\n<p><strong>VIPPS:<\/strong> 889010<\/p>\n","protected":false},"excerpt":{"rendered":"<p>Hallingdal Flyklubb best\u00e5r av en del ivrige flygere som jevnlig m\u00f8tes p\u00e5 Klanten Flyplass p\u00e5 Golsfjellet. Baneretning: 11 \/ 29 600 x 11 m asfaltbane med ca.20 m gress p\u00e5 sidene og 200 x 50\u00a0 m gress i hver ende. &hellip; <a href=\"https:\/\/hallingdalflyklubb.no\/wordpress\/klubben\/om-klubben\/\">Les videre <span class=\"meta-nav\">&rarr;<\/span><\/a><\/p>\n","protected":false},"author":1,"featured_media":0,"parent":4157,"menu_order":0,"comment_status":"closed","ping_status":"closed","template":"","meta":{"footnotes":""},"class_list":["post-17","page","type-page","status-publish","hentry"],"_links":{"self":[{"href":"https:\/\/hallingdalflyklubb.no\/wordpress\/wp-json\/wp\/v2\/pages\/17","targetHints":{"allow":["GET"]}}],"collection":[{"href":"https:\/\/hallingdalflyklubb.no\/wordpress\/wp-json\/wp\/v2\/pages"}],"about":[{"href":"https:\/\/hallingdalflyklubb.no\/wordpress\/wp-json\/wp\/v2\/types\/page"}],"author":[{"embeddable":true,"href":"https:\/\/hallingdalflyklubb.no\/wordpress\/wp-json\/wp\/v2\/users\/1"}],"replies":[{"embeddable":true,"href":"https:\/\/hallingdalflyklubb.no\/wordpress\/wp-json\/wp\/v2\/comments?post=17"}],"version-history":[{"count":10,"href":"https:\/\/hallingdalflyklubb.no\/wordpress\/wp-json\/wp\/v2\/pages\/17\/revisions"}],"predecessor-version":[{"id":6576,"href":"https:\/\/hallingdalflyklubb.no\/wordpress\/wp-json\/wp\/v2\/pages\/17\/revisions\/6576"}],"up":[{"embeddable":true,"href":"https:\/\/hallingdalflyklubb.no\/wordpress\/wp-json\/wp\/v2\/pages\/4157"}],"wp:attachment":[{"href":"https:\/\/hallingdalflyklubb.no\/wordpress\/wp-json\/wp\/v2\/media?parent=17"}],"curies":[{"name":"wp","href":"https:\/\/api.w.org\/{rel}","templated":true}]}}