{"id":177,"date":"2008-07-20T19:44:12","date_gmt":"2008-07-20T17:44:12","guid":{"rendered":"http:\/\/hallingdalflyklubb.no\/wordpress\/?page_id=177"},"modified":"2019-02-05T22:06:51","modified_gmt":"2019-02-05T20:06:51","slug":"hjelp","status":"publish","type":"page","link":"https:\/\/hallingdalflyklubb.no\/wordpress\/klubben\/hjelp\/","title":{"rendered":"Hjelp til hjemmesidene"},"content":{"rendered":"<p>Er du medlem og har lyst til \u00e5 bidra med innhold p\u00e5 disse sidene? Be om brukernavn og passord p\u00e5:<\/p>\n<p style=\"padding-left: 30px;\">wordpress[alfakr\u00f8ll]hallingdalflyklubb.no<\/p>\n<p>Mvh,<br \/>\nHallingdal Flyklubb<\/p>\n","protected":false},"excerpt":{"rendered":"<p>Er du medlem og har lyst til \u00e5 bidra med innhold p\u00e5 disse sidene? Be om brukernavn og passord p\u00e5: wordpress[alfakr\u00f8ll]hallingdalflyklubb.no Mvh, Hallingdal Flyklubb<\/p>\n","protected":false},"author":1,"featured_media":0,"parent":4157,"menu_order":99,"comment_status":"closed","ping_status":"closed","template":"","meta":{"footnotes":""},"class_list":["post-177","page","type-page","status-publish","hentry"],"_links":{"self":[{"href":"https:\/\/hallingdalflyklubb.no\/wordpress\/wp-json\/wp\/v2\/pages\/177","targetHints":{"allow":["GET"]}}],"collection":[{"href":"https:\/\/hallingdalflyklubb.no\/wordpress\/wp-json\/wp\/v2\/pages"}],"about":[{"href":"https:\/\/hallingdalflyklubb.no\/wordpress\/wp-json\/wp\/v2\/types\/page"}],"author":[{"embeddable":true,"href":"https:\/\/hallingdalflyklubb.no\/wordpress\/wp-json\/wp\/v2\/users\/1"}],"replies":[{"embeddable":true,"href":"https:\/\/hallingdalflyklubb.no\/wordpress\/wp-json\/wp\/v2\/comments?post=177"}],"version-history":[{"count":6,"href":"https:\/\/hallingdalflyklubb.no\/wordpress\/wp-json\/wp\/v2\/pages\/177\/revisions"}],"predecessor-version":[{"id":4196,"href":"https:\/\/hallingdalflyklubb.no\/wordpress\/wp-json\/wp\/v2\/pages\/177\/revisions\/4196"}],"up":[{"embeddable":true,"href":"https:\/\/hallingdalflyklubb.no\/wordpress\/wp-json\/wp\/v2\/pages\/4157"}],"wp:attachment":[{"href":"https:\/\/hallingdalflyklubb.no\/wordpress\/wp-json\/wp\/v2\/media?parent=177"}],"curies":[{"name":"wp","href":"https:\/\/api.w.org\/{rel}","templated":true}]}}