{"id":2154,"date":"2012-08-21T09:39:33","date_gmt":"2012-08-21T07:39:33","guid":{"rendered":"http:\/\/hallingdalflyklubb.no\/wordpress\/?page_id=2154"},"modified":"2021-01-11T19:00:41","modified_gmt":"2021-01-11T17:00:41","slug":"sjofly","status":"publish","type":"page","link":"https:\/\/hallingdalflyklubb.no\/wordpress\/flyging\/sjofly\/","title":{"rendered":"Sj\u00f8fly"},"content":{"rendered":"<h2>Sj\u00f8flytreff p\u00e5 Tisleifjorden 10-12 sept. 2021<\/h2>\n<h2><\/h2>\n<h2><a href=\"https:\/\/hallingdalflyklubb.no\/wordpress\/wp-content\/uploads\/2012\/08\/oset.jpg\"><img loading=\"lazy\" decoding=\"async\" class=\"alignnone size-medium wp-image-2155\" src=\"https:\/\/hallingdalflyklubb.no\/wordpress\/wp-content\/uploads\/2012\/08\/oset-450x201.jpg\" alt=\"oset\" width=\"450\" height=\"201\" srcset=\"https:\/\/hallingdalflyklubb.no\/wordpress\/wp-content\/uploads\/2012\/08\/oset-450x201.jpg 450w, https:\/\/hallingdalflyklubb.no\/wordpress\/wp-content\/uploads\/2012\/08\/oset.jpg 637w\" sizes=\"auto, (max-width: 450px) 100vw, 450px\" \/><\/a><\/h2>\n<h2><\/h2>\n<h2><a href=\"https:\/\/hallingdalflyklubb.no\/wordpress\/wp-content\/uploads\/2012\/08\/20120915_1434002-2.jpg\"><img loading=\"lazy\" decoding=\"async\" class=\"alignnone size-medium wp-image-3147\" src=\"https:\/\/hallingdalflyklubb.no\/wordpress\/wp-content\/uploads\/2012\/08\/20120915_1434002-2-450x222.jpg\" alt=\"20120915_1434002-2\" width=\"450\" height=\"222\" srcset=\"https:\/\/hallingdalflyklubb.no\/wordpress\/wp-content\/uploads\/2012\/08\/20120915_1434002-2-450x222.jpg 450w, https:\/\/hallingdalflyklubb.no\/wordpress\/wp-content\/uploads\/2012\/08\/20120915_1434002-2.jpg 640w\" sizes=\"auto, (max-width: 450px) 100vw, 450px\" \/><\/a><\/h2>\n<p>Ski og Sj\u00f8flykomiteen i NLF ,Valdres og Hallingdal flyklubber i samarbeid med Oset hotell \u00f8nsker dere alle velkommen til sj\u00f8flytreff p\u00e5 Tisleifjordenden 10-12 sept-21. Det er overnatting, frokost, lunch og middag p\u00e5 sj\u00f8fly hotellet Oset. Vi \u00f8nsker alle med <strong>sj\u00f8fly \/ mikrosj\u00f8fly <\/strong>velkommen til Oset denne weekend.\u00a0Vi bruker \u00a0123.50 mhz<\/p>\n<h2>Vi vil gjerne ha en uforpliktende p\u00e5melding fra dere s\u00e5 send den til:<\/h2>\n<h2><a href=\"mailto:weeg@online.no\">weeg@online.no<\/a> eller en sms til 90166751.<\/h2>\n<h2>L\u00f8rdag: kl. 10.00 Appelsindropp og landingskonkurranse. kl.13.00 <span style=\"text-decoration: underline;\">Alle er velkommen til\u00a0Lunsj<\/span>. kl 14.00 mer dropp og landingskonkurranse.<\/h2>\n<p><a href=\"https:\/\/hallingdalflyklubb.no\/wordpress\/wp-content\/uploads\/2012\/08\/tisleifjorden.jpg\"><img loading=\"lazy\" decoding=\"async\" title=\"tisleifjorden\" src=\"https:\/\/hallingdalflyklubb.no\/wordpress\/wp-content\/uploads\/2012\/08\/tisleifjorden-450x288.jpg\" alt=\"\" width=\"450\" height=\"288\" \/><\/a><\/p>\n<h2 align=\"left\">Priser for overnatting p\u00e5 Oset: Ring Oset p\u00e5 tlf.<\/h2>\n<h2 align=\"left\">32079500.Sp\u00f8r etter sj\u00f8flypriser eller: <a href=\"http:\/\/www.oset.no\/\">www.oset.no<\/a><\/h2>\n<h2>xxxxxxxxxxxxxxxxxxxxxxxxxxxxxxxxxxxxxxxxxxx<\/h2>\n<h2><strong>xxxxxxxxxxxxxxxxxxxxxxxxxxxxxxxxxxxxxxxxxxx<\/strong><\/h2>\n<table id=\"AutoNumber3\" style=\"border-collapse: collapse;\" border=\"0\" width=\"640\" cellspacing=\"0\" cellpadding=\"0\">\n<tbody>\n<tr>\n<td valign=\"top\" width=\"100%\" height=\"107\">\n<h2><\/h2>\n<table id=\"AutoNumber11\" style=\"border-collapse: collapse;\" border=\"0\" width=\"640\" cellspacing=\"0\" cellpadding=\"0\">\n<tbody>\n<tr>\n<td width=\"100%\" height=\"130\">\n<table id=\"AutoNumber16\" style=\"border-collapse: collapse;\" border=\"0\" width=\"100%\" cellspacing=\"0\" cellpadding=\"0\">\n<tbody>\n<tr>\n<td align=\"center\" width=\"25%\"><\/td>\n<td align=\"center\" width=\"25%\"><\/td>\n<td align=\"center\" width=\"25%\"><\/td>\n<td align=\"center\" width=\"25%\"><\/td>\n<\/tr>\n<\/tbody>\n<\/table>\n<\/td>\n<\/tr>\n<tr>\n<td width=\"100%\" height=\"10\"><\/td>\n<\/tr>\n<\/tbody>\n<\/table>\n<\/td>\n<\/tr>\n<\/tbody>\n<\/table>\n","protected":false},"excerpt":{"rendered":"<p>Sj\u00f8flytreff p\u00e5 Tisleifjorden 10-12 sept. 2021 Ski og Sj\u00f8flykomiteen i NLF ,Valdres og Hallingdal flyklubber i samarbeid med Oset hotell \u00f8nsker dere alle velkommen til sj\u00f8flytreff p\u00e5 Tisleifjordenden 10-12 sept-21. Det er overnatting, frokost, lunch og middag p\u00e5 sj\u00f8fly hotellet &hellip; <a href=\"https:\/\/hallingdalflyklubb.no\/wordpress\/flyging\/sjofly\/\">Les videre <span class=\"meta-nav\">&rarr;<\/span><\/a><\/p>\n","protected":false},"author":9,"featured_media":0,"parent":4177,"menu_order":0,"comment_status":"closed","ping_status":"closed","template":"","meta":{"footnotes":""},"class_list":["post-2154","page","type-page","status-publish","hentry"],"_links":{"self":[{"href":"https:\/\/hallingdalflyklubb.no\/wordpress\/wp-json\/wp\/v2\/pages\/2154","targetHints":{"allow":["GET"]}}],"collection":[{"href":"https:\/\/hallingdalflyklubb.no\/wordpress\/wp-json\/wp\/v2\/pages"}],"about":[{"href":"https:\/\/hallingdalflyklubb.no\/wordpress\/wp-json\/wp\/v2\/types\/page"}],"author":[{"embeddable":true,"href":"https:\/\/hallingdalflyklubb.no\/wordpress\/wp-json\/wp\/v2\/users\/9"}],"replies":[{"embeddable":true,"href":"https:\/\/hallingdalflyklubb.no\/wordpress\/wp-json\/wp\/v2\/comments?post=2154"}],"version-history":[{"count":44,"href":"https:\/\/hallingdalflyklubb.no\/wordpress\/wp-json\/wp\/v2\/pages\/2154\/revisions"}],"predecessor-version":[{"id":4765,"href":"https:\/\/hallingdalflyklubb.no\/wordpress\/wp-json\/wp\/v2\/pages\/2154\/revisions\/4765"}],"up":[{"embeddable":true,"href":"https:\/\/hallingdalflyklubb.no\/wordpress\/wp-json\/wp\/v2\/pages\/4177"}],"wp:attachment":[{"href":"https:\/\/hallingdalflyklubb.no\/wordpress\/wp-json\/wp\/v2\/media?parent=2154"}],"curies":[{"name":"wp","href":"https:\/\/api.w.org\/{rel}","templated":true}]}}