{"id":2668,"date":"2014-01-03T18:50:50","date_gmt":"2014-01-03T16:50:50","guid":{"rendered":"http:\/\/hallingdalflyklubb.no\/wordpress\/?page_id=2668"},"modified":"2026-04-15T17:05:08","modified_gmt":"2026-04-15T15:05:08","slug":"priser-2016","status":"publish","type":"page","link":"https:\/\/hallingdalflyklubb.no\/wordpress\/flyging\/priser-2016\/","title":{"rendered":"Priser 2026 &#8211; Hallingdal Flyklubb"},"content":{"rendered":"<p>Oppdatert per 15.04.26<\/p>\n<p><strong>Cessna 172 LN-KAB &#8211;\u00a0<\/strong><br \/>\nOrdin\u00e6r timepris: kr 2740,-<br \/>\nMedlemspris: kr 2140,-<br \/>\nAndelshavere: 1580,-<br \/>\nFlyleie PPL-A skoling (pakke \u00e1 10 t): \u00abBlir annonsert senere\u00bb<\/p>\n<p><strong>CTSL Sportsfly &#8211; Priser er per Tacho Time<\/strong><br \/>\nOrdin\u00e6r timepris: kr 2100,-<br \/>\nSkoling: tillegg p\u00e5 kr 500,- per time<br \/>\nRabatt medlem per time: kr 550,-<br \/>\nRabatt Andelshavere per time: kr 1000,-<\/p>\n<h2><\/h2>\n<h2><strong>Seilfly Flyslep motorfly kr 45 per minutt\u00a0 &#8211; Flyslep med sportsfly kr 40 per minutt<\/strong><\/h2>\n<p><strong>\u00c5RSKORT :<br \/>\n<\/strong>Hel\u00e5rskort <strong>Flypool<\/strong> <strong>kr. 14.000.<\/strong>&#8211;<br \/>\nInnbefatter DG 1001 NEO, Mistral C, ASH 26E, DG 1001M, SZD 59 A og sportsfly CT SL<br \/>\nNB: <strong>\u00c5rkort for flypool m\u00e5 forpliktes for minimum 3 \u00e5r<\/strong><\/p>\n<p>1 andel\u00a0 \u00a0 i flypool gir <strong>kr 5.000<\/strong> i rabatt \u00e5rskort<br \/>\n2 andeler i flypool gir <strong>kr 8.000<\/strong> i rabatt \u00e5rskort<br \/>\n3 andeler i flypool gir <strong>kr 11.000<\/strong> i rabatt \u00e5rskort<\/p>\n<p><strong>Hel\u00e5rskort<\/strong> &laquo;Klubb&raquo; Seilfly <strong>kr. 6 600<\/strong>.- innbefatter DG 1001 NEO, SZD 59A\u00a0 og Mistral C,<br \/>\nHel\u00e5rskort kun Mistral\u00a0 C kr. 3 200,-<\/p>\n<p>Ungdomsrabatt (under 18 \u00e5r) Halv pris p\u00e5 \u00e5rskort Seilfly ( DG NEO og Mistal C)<\/p>\n<p>Alle \u00e5rskort gir fri instruksjon og rabatt p\u00e5 seilflytid<\/p>\n<p><strong>SEILFLY (Mistral C):<\/strong><br \/>\nStartavgift m\/kort kr. 75.- pr. start.<br \/>\nStartavgift u\/kort kr. 220.- pr. start.<br \/>\nSeilfly leie m\/kort kr 0,- pr. min, uten kort kr. 5 pr. min.<\/p>\n<p><strong>SEILFLY SZD 59 Acro\u00a0<\/strong><br \/>\nStartavgift m\/kort kr. 125.- pr. start.<br \/>\nStartavgift u\/kort kr. 225.- pr. start.<br \/>\nSeilfly leie m\/kort kr 0,- pr. min, uten kort kr. 11 pr. min.<\/p>\n<p><strong>SEILFLY DG 1001 NEO\u00a0<\/strong><br \/>\nStartavgift m\/kort kr. 125.- pr. start.<br \/>\nStartavgift u\/kort kr. 225.- pr. start.<br \/>\nSeilfly leie m\/kort kr 0,- pr. min, uten kort kr. 11 pr. min.<br \/>\nInstruksjon uten kort kr. 7 pr. min.<\/p>\n<h1>SEILFLY DG 1001M kun for piloter med \u00e5rskort og\/eller andeler i flypool:<\/h1>\n<p>Startpris kr 210,-\u00a0 (Rabatt basert p\u00e5 antall andeler)<br \/>\nMotorbruk kr 2220 per time \/ kr 37.- per klokkeminutt\u00a0 Tacho<\/p>\n<h1>Seilfly ASH 26E kun for piloter med \u00e5rskort og\/eller andeler i flypool:<\/h1>\n<p>Startpris kr 160,-\u00a0 (Rabatt basert p\u00e5 antall andeler)<br \/>\nMotorbruk kr 2220 per time \/ kr 37.- per klokkeminutt\u00a0 Tacho<\/p>\n<h1>PFT\/utsjekk\/oppflyging i tillegg til flypris kr. 1 000.-. \/ Med \u00e5rskort Kr. 500,-<\/h1>\n<h1><\/h1>\n<h1><strong>\u00d8VRIGE PRISER:<\/strong><\/h1>\n<p><strong>Brukertilskudd Klanten flyplass.<\/strong><br \/>\nSeil, sport og motorflygere kr 400 per halv\u00e5r ,<br \/>\nBelastes f\u00f8rste flyging hvert halv\u00e5r.<\/p>\n<p><u>Ikke flygende medlemmer registrert med n\u00f8kkel til anlegget blir belastet med hel\u00e5rs driftstilskudd kr 800<\/u><\/p>\n<p>Modellflygere kr 400 per \u00e5r<\/p>\n<h1><strong>Overnatting<\/strong> i klubbhus. Sommer: Gjester kr. 200,- pr. d\u00f8gn. \/ Medlemmer kr 100,-<\/h1>\n<p><strong>Vinter: Gjester kr. 400,- pr. d\u00f8gn. \/ Medlemmer kr 200,-<\/strong><\/p>\n<p><strong>OBS! Camping er ikke tillatt p\u00e5 flyplassomr\u00e5det<\/strong><\/p>\n<h1>Introtur Seilfly 30 minutter &laquo;drop in&raquo; kr 1000,-<br \/>\nIntrotur Seilfly &laquo;drop in&raquo; med selvstart 45 min kr 1500,-<br \/>\nIntrotur Seilfly 30 minutter med timebestilling Kr. 2 000.-<\/h1>\n<p>Strekkinstruksjon i DG1001-M for piloter uten \u00e5rskort &#8211; krav om at HFK instrukt\u00f8r er ombord<br \/>\nStartpris uten \u00e5rskort Kr 600 (Strekkinstruksjon)<br \/>\nSeilflyleie uten kort kr 16,- per minutt (Strekkinstruksjon minimum 1 time)<br \/>\nMotorbruk kr 2100\u00a0 per time \/ kr 35.- per klokkeminutt<\/p>\n<p>Verksted-, hangarleige og str\u00f8m<br \/>\nMotorfly\/mikro\/motorseil \/ seilfly kr 12 500,- (hangarleie)(MTOW<\/p>\n<p>Pr. p\u00e5begynt mnd: kr 1 650,- (hangarleie)<\/p>\n<p>Pr. dag: kr 185,- (hangarleie)<\/p>\n<p>Str\u00f8m pr. \u00e5r: kr 1 850,-<\/p>\n<p>Str\u00f8m pr. dag: kr 120,-<\/p>\n<p>Verksted pr. p\u00e5begynt dag: kr 320,-<\/p>\n<p>Leige flyplass\/klubbhus: Etter avtale<\/p>\n<p>Andre avgifter<br \/>\nStartavgift enkeltbevegelse: kr 150,-<\/p>\n<p>\u00c5rskort startavgift pr. fly: kr 1 100,-<\/p>\n<p>\u00c5rskort startavgift. Rene seilfly kr. 600,-<\/p>\n<p>Deltageravgift p\u00e5 diverse arrangement annonseres separat<\/p>\n<p>Pusteoxygen \u00e5rkort kr 700,-<\/p>\n<p>Pusteoxygen enkel-fylling kr 400<\/p>\n<p>AVGAS 100 LL pr. ltr. *) markedsbasert stipulerft kr 37,00<\/p>\n<p>98 oktan pr. ltr. *) *) markedsbasert stipuklert kr 32,-<\/p>\n<p>Olje til fly. \u00a0 \u00a0 pr. ltr. kr 220,-<\/p>\n<p>Driftstilskudd bes\u00f8kende gjeste-flygere &laquo;uorganisert&raquo;\u00a0 flyging<br \/>\n&#8211;\u00a0 2 uker kr 400<br \/>\n&#8211;\u00a0 Hel\u00e5r kr 800<br \/>\nBelastes ved f\u00f8rste flybevegelse. pr periode \/\u00a0 \u00e5r<\/p>\n<p>Egenandel Aassuranse **) Pr. \u00e5r: kr 600,- Belastes aktive flygere ved f\u00f8rste flyging<\/p>\n<p>N\u00f8kkel (depositum) kr 300,-<\/p>\n<p>*) Bensinprisene er markedsbasert og kan bli justert uten n\u00e6rmere varsel.<\/p>\n<p>**) Selvassuranse dekker egenandel for alle klubbens fly samt LN-AER<br \/>\nSelvassuranse gjelder ogs\u00e5 aktuelle fly i Valdres Flyklubb. Det skal kun innbetales til en av klubbene, prim\u00e6rt der en er hovedmedlem.<\/p>\n<p>Fullstendig prisliste og vedtekter for FLYPOOL OG ANDELER f\u00e5r du ved \u00e5 henvende deg til Hans Gjengedal tlf 90101904\u00a0 eller hans.gj@online.no<\/p>\n","protected":false},"excerpt":{"rendered":"<p>Oppdatert per 15.04.26 Cessna 172 LN-KAB &#8211;\u00a0 Ordin\u00e6r timepris: kr 2740,- Medlemspris: kr 2140,- Andelshavere: 1580,- Flyleie PPL-A skoling (pakke \u00e1 10 t): \u00abBlir annonsert senere\u00bb CTSL Sportsfly &#8211; Priser er per Tacho Time Ordin\u00e6r timepris: kr 2100,- Skoling: tillegg &hellip; <a href=\"https:\/\/hallingdalflyklubb.no\/wordpress\/flyging\/priser-2016\/\">Les videre <span class=\"meta-nav\">&rarr;<\/span><\/a><\/p>\n","protected":false},"author":15,"featured_media":0,"parent":4177,"menu_order":0,"comment_status":"closed","ping_status":"closed","template":"","meta":{"footnotes":""},"class_list":["post-2668","page","type-page","status-publish","hentry"],"_links":{"self":[{"href":"https:\/\/hallingdalflyklubb.no\/wordpress\/wp-json\/wp\/v2\/pages\/2668","targetHints":{"allow":["GET"]}}],"collection":[{"href":"https:\/\/hallingdalflyklubb.no\/wordpress\/wp-json\/wp\/v2\/pages"}],"about":[{"href":"https:\/\/hallingdalflyklubb.no\/wordpress\/wp-json\/wp\/v2\/types\/page"}],"author":[{"embeddable":true,"href":"https:\/\/hallingdalflyklubb.no\/wordpress\/wp-json\/wp\/v2\/users\/15"}],"replies":[{"embeddable":true,"href":"https:\/\/hallingdalflyklubb.no\/wordpress\/wp-json\/wp\/v2\/comments?post=2668"}],"version-history":[{"count":108,"href":"https:\/\/hallingdalflyklubb.no\/wordpress\/wp-json\/wp\/v2\/pages\/2668\/revisions"}],"predecessor-version":[{"id":6688,"href":"https:\/\/hallingdalflyklubb.no\/wordpress\/wp-json\/wp\/v2\/pages\/2668\/revisions\/6688"}],"up":[{"embeddable":true,"href":"https:\/\/hallingdalflyklubb.no\/wordpress\/wp-json\/wp\/v2\/pages\/4177"}],"wp:attachment":[{"href":"https:\/\/hallingdalflyklubb.no\/wordpress\/wp-json\/wp\/v2\/media?parent=2668"}],"curies":[{"name":"wp","href":"https:\/\/api.w.org\/{rel}","templated":true}]}}