{"id":4177,"date":"2019-02-05T21:44:28","date_gmt":"2019-02-05T19:44:28","guid":{"rendered":"http:\/\/hallingdalflyklubb.no\/wordpress\/?page_id=4177"},"modified":"2024-05-06T09:48:18","modified_gmt":"2024-05-06T07:48:18","slug":"flyging","status":"publish","type":"page","link":"https:\/\/hallingdalflyklubb.no\/wordpress\/flyging\/","title":{"rendered":"Flyging"},"content":{"rendered":"\n<p><\/p>\n\n\n\n<p><a href=\"https:\/\/hallingdalflyklubb.no\/wordpress\/booking\/\">Bookingregler<\/a><\/p>\n\n\n\n<p><a href=\"https:\/\/hallingdalflyklubb.no\/wordpress\/brukerveiledning-myweblog\/\">Brukerveiledning \u2013 MyWebLog<\/a><\/p>\n\n\n\n<p><a href=\"https:\/\/hallingdalflyklubb.no\/wordpress\/flyparken\/\">Flyparken<\/a><\/p>\n\n\n\n<p><a href=\"https:\/\/hallingdalflyklubb.no\/wordpress\/bakkeinstruks\/\">Bakkeinstruks<\/a><\/p>\n\n\n\n<p><a href=\"https:\/\/hallingdalflyklubb.no\/wordpress\/besoekende\/\">Bes\u00f8kende<\/a><\/p>\n\n\n\n<p><a href=\"https:\/\/hallingdalflyklubb.no\/wordpress\/klubb-pft\/\">Klubb PFT motorfly<\/a><\/p>\n\n\n\n<p><a href=\"https:\/\/hallingdalflyklubb.no\/wordpress\/priser-2016\/\">Priser<\/a><\/p>\n\n\n\n<p><a href=\"https:\/\/hallingdalflyklubb.no\/wordpress\/landingsavgift\/\">Startavgift<\/a><\/p>\n\n\n\n<p><a href=\"https:\/\/hallingdalflyklubb.no\/wordpress\/prisliste-ln-hav-cub-klanten\/\">Prisliste LN-AER Cub Klanten<\/a><\/p>\n\n\n\n<p><a href=\"https:\/\/hallingdalflyklubb.no\/wordpress\/ctsw-flyhandbok\/\">CTSW Flyh\u00e5ndbok<\/a><\/p>\n\n\n\n<p><a href=\"https:\/\/hallingdalflyklubb.no\/wordpress\/ask-21-mi\/\"><a href=\"https:\/\/hallingdalflyklubb.no\/wordpress\/ask-21-mi\/\">FLIGHT MANUAL<\/a> DG-1001M<\/a><\/p>\n\n\n\n<p><a href=\"https:\/\/hallingdalflyklubb.no\/wordpress\/flyging\/flight-manual-dg-1001-neo\/\">Flight Manual DG 1001 NEO<\/a><\/p>\n\n\n\n<p><a href=\"https:\/\/hallingdalflyklubb.no\/wordpress\/flyging\/flight-manual-szd-59-acro\/\">Flight Manual SZD 59 &laquo;Acro&raquo;<\/a><\/p>\n\n\n\n<p><a href=\"https:\/\/hallingdalflyklubb.no\/wordpress\/skiutsjekk-med-supercubpaa-klanten\/\">Skiutsjekk med supercub`p\u00e5 Klanten<\/a><\/p>\n\n\n\n<p><a href=\"https:\/\/hallingdalflyklubb.no\/wordpress\/sjofly\/\">Sj\u00f8fly<\/a><\/p>\n\n\n\n<p><\/p>\n","protected":false},"excerpt":{"rendered":"<p>Bookingregler Brukerveiledning \u2013 MyWebLog Flyparken Bakkeinstruks Bes\u00f8kende Klubb PFT motorfly Priser Startavgift Prisliste LN-AER Cub Klanten CTSW Flyh\u00e5ndbok FLIGHT MANUAL DG-1001M Flight Manual DG 1001 NEO Flight Manual SZD 59 &laquo;Acro&raquo; Skiutsjekk med supercub`p\u00e5 Klanten Sj\u00f8fly<\/p>\n","protected":false},"author":20,"featured_media":0,"parent":0,"menu_order":0,"comment_status":"closed","ping_status":"closed","template":"","meta":{"footnotes":""},"class_list":["post-4177","page","type-page","status-publish","hentry"],"_links":{"self":[{"href":"https:\/\/hallingdalflyklubb.no\/wordpress\/wp-json\/wp\/v2\/pages\/4177","targetHints":{"allow":["GET"]}}],"collection":[{"href":"https:\/\/hallingdalflyklubb.no\/wordpress\/wp-json\/wp\/v2\/pages"}],"about":[{"href":"https:\/\/hallingdalflyklubb.no\/wordpress\/wp-json\/wp\/v2\/types\/page"}],"author":[{"embeddable":true,"href":"https:\/\/hallingdalflyklubb.no\/wordpress\/wp-json\/wp\/v2\/users\/20"}],"replies":[{"embeddable":true,"href":"https:\/\/hallingdalflyklubb.no\/wordpress\/wp-json\/wp\/v2\/comments?post=4177"}],"version-history":[{"count":4,"href":"https:\/\/hallingdalflyklubb.no\/wordpress\/wp-json\/wp\/v2\/pages\/4177\/revisions"}],"predecessor-version":[{"id":6126,"href":"https:\/\/hallingdalflyklubb.no\/wordpress\/wp-json\/wp\/v2\/pages\/4177\/revisions\/6126"}],"wp:attachment":[{"href":"https:\/\/hallingdalflyklubb.no\/wordpress\/wp-json\/wp\/v2\/media?parent=4177"}],"curies":[{"name":"wp","href":"https:\/\/api.w.org\/{rel}","templated":true}]}}