{"id":4254,"date":"2019-02-15T10:29:04","date_gmt":"2019-02-15T08:29:04","guid":{"rendered":"http:\/\/hallingdalflyklubb.no\/wordpress\/?page_id=4254"},"modified":"2025-09-30T18:33:27","modified_gmt":"2025-09-30T16:33:27","slug":"vaer-kamera","status":"publish","type":"page","link":"https:\/\/hallingdalflyklubb.no\/wordpress\/vaer-kamera\/","title":{"rendered":"V\u00e6r&#038;Kamera"},"content":{"rendered":"\n<p><a href=\"https:\/\/hallingdalflyklubb.no\/wordpress\/vaer-kamera\/netatmo\/\" data-type=\"URL\">V\u00e6rstasjon &amp; WEB-kamera<\/a><\/p>\n\n\n\n<p><a href=\"https:\/\/hallingdalflyklubb.no\/wordpress\/klubben\/modellfly-2\/\">Modellflybanen<\/a><\/p>\n\n\n\n<p> <a href=\"http:\/\/hallingdalflyklubb.no\/weather.php\">WEB-kameraer Golsfjellet<\/a><\/p>\n\n\n\n<p><a rel=\"noreferrer noopener\" aria-label=\"Yr - Klanten (\u00e5pner i en ny fane)\" href=\"https:\/\/www.yr.no\/sted\/Norge\/Buskerud\/Gol\/Klanten\/\" target=\"_blank\">Yr &#8211; Klanten<\/a><\/p>\n\n\n\n<p><a rel=\"noreferrer noopener\" aria-label=\"Vind - windity (\u00e5pner i en ny fane)\" href=\"https:\/\/www.windy.com\/60.790\/9.058?60.714,9.058,10\" target=\"_blank\">Windy &#8211; V\u00e6r og vind<\/a><\/p>\n\n\n\n<p><a rel=\"noreferrer noopener\" aria-label=\"Svensk RASP - Seilflyv\u00e6re (\u00e5pner i en ny fane)\" href=\"http:\/\/rasp.skyltdirect.se\/scandinavia\/\" target=\"_blank\">Svensk RASP &#8211; Seilflyv\u00e6re<\/a>t<\/p>\n\n\n\n<p><a href=\"https:\/\/skysight.io\/secure\/\" target=\"_blank\" rel=\"noreferrer noopener\" aria-label=\" (\u00e5pner i en ny fane)\">Skysight &#8211; OBS krever abbonnement <\/a><\/p>\n\n\n\n<p><a href=\"https:\/\/metar-taf.com\/ENGM\">Metar \/ TAF ENGM &amp; Norway<\/a><\/p>\n","protected":false},"excerpt":{"rendered":"<p>V\u00e6rstasjon &amp; WEB-kamera Modellflybanen WEB-kameraer Golsfjellet Yr &#8211; Klanten Windy &#8211; V\u00e6r og vind Svensk RASP &#8211; Seilflyv\u00e6ret Skysight &#8211; OBS krever abbonnement Metar \/ TAF ENGM &amp; Norway<\/p>\n","protected":false},"author":20,"featured_media":0,"parent":0,"menu_order":0,"comment_status":"closed","ping_status":"closed","template":"","meta":{"footnotes":""},"class_list":["post-4254","page","type-page","status-publish","hentry"],"_links":{"self":[{"href":"https:\/\/hallingdalflyklubb.no\/wordpress\/wp-json\/wp\/v2\/pages\/4254","targetHints":{"allow":["GET"]}}],"collection":[{"href":"https:\/\/hallingdalflyklubb.no\/wordpress\/wp-json\/wp\/v2\/pages"}],"about":[{"href":"https:\/\/hallingdalflyklubb.no\/wordpress\/wp-json\/wp\/v2\/types\/page"}],"author":[{"embeddable":true,"href":"https:\/\/hallingdalflyklubb.no\/wordpress\/wp-json\/wp\/v2\/users\/20"}],"replies":[{"embeddable":true,"href":"https:\/\/hallingdalflyklubb.no\/wordpress\/wp-json\/wp\/v2\/comments?post=4254"}],"version-history":[{"count":17,"href":"https:\/\/hallingdalflyklubb.no\/wordpress\/wp-json\/wp\/v2\/pages\/4254\/revisions"}],"predecessor-version":[{"id":6510,"href":"https:\/\/hallingdalflyklubb.no\/wordpress\/wp-json\/wp\/v2\/pages\/4254\/revisions\/6510"}],"wp:attachment":[{"href":"https:\/\/hallingdalflyklubb.no\/wordpress\/wp-json\/wp\/v2\/media?parent=4254"}],"curies":[{"name":"wp","href":"https:\/\/api.w.org\/{rel}","templated":true}]}}