{"id":452,"date":"2009-03-15T13:48:21","date_gmt":"2009-03-15T11:48:21","guid":{"rendered":"http:\/\/hallingdalflyklubb.no\/wordpress\/?page_id=452"},"modified":"2019-02-05T21:56:19","modified_gmt":"2019-02-05T19:56:19","slug":"oset-airport-tisleia","status":"publish","type":"page","link":"https:\/\/hallingdalflyklubb.no\/wordpress\/flyging\/oset-airport-tisleia\/","title":{"rendered":"Oset  Tisleia"},"content":{"rendered":"<p>All flyging skal skje i samsvar med bestemmelsene om minsteh\u00f8yder i BSL.F. \u00a72-6<\/p>\n<p>Touch and go b\u00f8r utf\u00f8res p\u00e5 Klanten,Leirin eller Dagali.<\/p>\n<p>VIS HENSYN.<\/p>\n","protected":false},"excerpt":{"rendered":"<p>All flyging skal skje i samsvar med bestemmelsene om minsteh\u00f8yder i BSL.F. \u00a72-6 Touch and go b\u00f8r utf\u00f8res p\u00e5 Klanten,Leirin eller Dagali. VIS HENSYN.<\/p>\n","protected":false},"author":11,"featured_media":0,"parent":4177,"menu_order":0,"comment_status":"closed","ping_status":"closed","template":"","meta":{"footnotes":""},"class_list":["post-452","page","type-page","status-publish","hentry"],"_links":{"self":[{"href":"https:\/\/hallingdalflyklubb.no\/wordpress\/wp-json\/wp\/v2\/pages\/452","targetHints":{"allow":["GET"]}}],"collection":[{"href":"https:\/\/hallingdalflyklubb.no\/wordpress\/wp-json\/wp\/v2\/pages"}],"about":[{"href":"https:\/\/hallingdalflyklubb.no\/wordpress\/wp-json\/wp\/v2\/types\/page"}],"author":[{"embeddable":true,"href":"https:\/\/hallingdalflyklubb.no\/wordpress\/wp-json\/wp\/v2\/users\/11"}],"replies":[{"embeddable":true,"href":"https:\/\/hallingdalflyklubb.no\/wordpress\/wp-json\/wp\/v2\/comments?post=452"}],"version-history":[{"count":5,"href":"https:\/\/hallingdalflyklubb.no\/wordpress\/wp-json\/wp\/v2\/pages\/452\/revisions"}],"predecessor-version":[{"id":3759,"href":"https:\/\/hallingdalflyklubb.no\/wordpress\/wp-json\/wp\/v2\/pages\/452\/revisions\/3759"}],"up":[{"embeddable":true,"href":"https:\/\/hallingdalflyklubb.no\/wordpress\/wp-json\/wp\/v2\/pages\/4177"}],"wp:attachment":[{"href":"https:\/\/hallingdalflyklubb.no\/wordpress\/wp-json\/wp\/v2\/media?parent=452"}],"curies":[{"name":"wp","href":"https:\/\/api.w.org\/{rel}","templated":true}]}}