{"id":9,"date":"2008-07-16T13:32:53","date_gmt":"2008-07-16T11:32:53","guid":{"rendered":"http:\/\/hallingdalflyklubb.no\/wordpress\/?page_id=9"},"modified":"2019-02-05T21:45:48","modified_gmt":"2019-02-05T19:45:48","slug":"booking","status":"publish","type":"page","link":"https:\/\/hallingdalflyklubb.no\/wordpress\/flyging\/booking\/","title":{"rendered":"Bookingregler"},"content":{"rendered":"<p>BOOKINGREGLER HALLINGDAL FLYKLUBB<\/p>\n<ol>\n<li>Medlemmer som bruker flyene plikter \u00e5 yte dugnad til vask og polering av flyene.<\/li>\n<li>Booking av flyene skal gj\u00f8res i &laquo;myweblog&raquo;. Dersom ikke den bookede tid brukes, skal det bookes av snarest.<\/li>\n<li>15 minutter etter bookingens start er den ugyldig dersom fart\u00f8ysjef ikke har ankommet plassen, eller melding om forsinkelse er gitt til evt reserver. Flyet kan da overtas av en annen leier, fortrinnsvis den som har booket seg som reserve p\u00e5 det aktuelle flyet i MelWin bookingsystem. Dersom ingen st\u00e5r booket som reserve fra f\u00f8r, m\u00e5 fart\u00f8ysjef som vil overta flyet f\u00f8rst booke seg opp som reserve f\u00f8r turen p\u00e5begynnes.<\/li>\n<li>Booking for lengre tid enn man bruker flyet m\u00e5 ikke finne sted. Det samme gjelder bruk av flyet ut over booket tid. Inntrer det forhold som gj\u00f8r at rekvirenten ikke kan nyttiggj\u00f8re seg bookingen, plikter vedkommende straks \u00e5 slette den slik at flyet st\u00e5r til disposisjon for andre.<\/li>\n<li>Flyene m\u00e5 returneres senest 10 minutter f\u00f8r booking g\u00e5r ut, slik at du rekker rydding og rengj\u00f8ring til angitt tid. Ruter skal reingj\u00f8res etter flyging dersom det er mye insekter og smuss p\u00e5 dem. Husk at rutene er myke og det ikke m\u00e5 gnis eller vaskes med vaskemiddel som har slipepartikler eller er skadelig for plastglasset.<\/li>\n<li>Etter endt flyging, skal klubbens fly parkeres og fort\u00f8yes p\u00e5 en betryggende m\u00e5te. Ved parkering utend\u00f8rs p\u00e5 andre flyplasser brukes stikkel\u00e5s, pitothette.<\/li>\n<li>Str\u00f8m kobles til motor og cabin ved minusgrader. Fort\u00f8yning i lodd og sikre hjulene med klosser du har med. Husk \u00e5 l\u00e5se d\u00f8rene inkl bagasje d\u00f8ren.<\/li>\n<li>Turer av lengre varighet: N\u00e5r flyet er vekk over natten l\u00f8rdag eller s\u00f8ndag, eller p\u00e5 hverdager mer enn 2 dager, m\u00e5 det betales for minimum 2 timer pr dag. Andelseiere 3 dager eller helg fredag til s\u00f8ndag m\u00e5 betale for minimum 4 timer.<\/li>\n<li>All kansellert flyging skal avbookes. Dette for at andre som \u00f8nsker \u00e5 fly skal kunne komme seg inn og booke flyging som blir kansellert.<\/li>\n<li>Klubbens styre, Flyoperativ leder, Skolesjef, Teknisk sjef og Flykorpsleder har myndighet til \u00e5 overstyre andre medlemmers booking. Dette skal KUN gj\u00f8res i f\u00f8lgende tilfeller : S\u00f8keoppdrag, <strong>Skogbrannvakt<\/strong>, Sertifikatpr\u00f8ve, N\u00f8dvendig vedlikehold og\/eller testflygning.<\/li>\n<\/ol>\n","protected":false},"excerpt":{"rendered":"<p>BOOKINGREGLER HALLINGDAL FLYKLUBB Medlemmer som bruker flyene plikter \u00e5 yte dugnad til vask og polering av flyene. Booking av flyene skal gj\u00f8res i &laquo;myweblog&raquo;. Dersom ikke den bookede tid brukes, skal det bookes av snarest. 15 minutter etter bookingens start &hellip; <a href=\"https:\/\/hallingdalflyklubb.no\/wordpress\/flyging\/booking\/\">Les videre <span class=\"meta-nav\">&rarr;<\/span><\/a><\/p>\n","protected":false},"author":1,"featured_media":0,"parent":4177,"menu_order":0,"comment_status":"closed","ping_status":"closed","template":"","meta":{"footnotes":""},"class_list":["post-9","page","type-page","status-publish","hentry"],"_links":{"self":[{"href":"https:\/\/hallingdalflyklubb.no\/wordpress\/wp-json\/wp\/v2\/pages\/9","targetHints":{"allow":["GET"]}}],"collection":[{"href":"https:\/\/hallingdalflyklubb.no\/wordpress\/wp-json\/wp\/v2\/pages"}],"about":[{"href":"https:\/\/hallingdalflyklubb.no\/wordpress\/wp-json\/wp\/v2\/types\/page"}],"author":[{"embeddable":true,"href":"https:\/\/hallingdalflyklubb.no\/wordpress\/wp-json\/wp\/v2\/users\/1"}],"replies":[{"embeddable":true,"href":"https:\/\/hallingdalflyklubb.no\/wordpress\/wp-json\/wp\/v2\/comments?post=9"}],"version-history":[{"count":7,"href":"https:\/\/hallingdalflyklubb.no\/wordpress\/wp-json\/wp\/v2\/pages\/9\/revisions"}],"predecessor-version":[{"id":3742,"href":"https:\/\/hallingdalflyklubb.no\/wordpress\/wp-json\/wp\/v2\/pages\/9\/revisions\/3742"}],"up":[{"embeddable":true,"href":"https:\/\/hallingdalflyklubb.no\/wordpress\/wp-json\/wp\/v2\/pages\/4177"}],"wp:attachment":[{"href":"https:\/\/hallingdalflyklubb.no\/wordpress\/wp-json\/wp\/v2\/media?parent=9"}],"curies":[{"name":"wp","href":"https:\/\/api.w.org\/{rel}","templated":true}]}}